{"id":1084,"date":"2025-12-04T01:16:41","date_gmt":"2025-12-04T00:16:41","guid":{"rendered":"https:\/\/finquessegarra.com\/aviso-legal\/"},"modified":"2026-02-19T09:49:48","modified_gmt":"2026-02-19T08:49:48","slug":"avis-legal-segarra","status":"publish","type":"page","link":"https:\/\/finquessegarra.com\/ca\/avis-legal-segarra\/","title":{"rendered":"Av\u00eds legal"},"content":{"rendered":"\n<p><strong>Aviso Legal (LSSI)<\/strong><\/p>\n\n<p><br\/>De conformidad con el art\u00edculo 10 de la <strong>Ley 34\/2002<\/strong>, de 11 de julio, de \u201c<strong>Servicios de la Sociedad de la Informaci\u00f3n y Comercio Electr\u00f3nico (LSSI)\u201d<\/strong>, ponemos en su conocimiento la siguiente informaci\u00f3n:<\/p>\n\n<p><strong>Finques Segarra, <\/strong>es el titular del portal Web <strong>finquessegarra.com<\/strong>, que act\u00faa exclusivamente como explotadora, y gestora de los contenidos de los portales Web domiciliada a: domicilio, es la encargada de la explotaci\u00f3n, gesti\u00f3n y funcionamiento del portal Web mencionado anteriormente<br\/>Si quiere contactar con nosotros, puede hacerlo mediante correo postal a la direcci\u00f3n mencionada al p\u00e1rrafo anterior, o bien a trav\u00e9s del correo electr\u00f3nico <strong><a href=\"mailto:info@solpronet.com\">info@finquessegarra.com<\/a>.<\/strong><\/p>\n\n<p><strong>CONCEPTO DE USUARIO<\/strong><\/p>\n\n<p>La utilizaci\u00f3n del portal Web atribuye la condici\u00f3n de Usuario, e implica la aceptaci\u00f3n total y sin reservas de todas<\/p>\n\n<p>y cada una de las disposiciones incluidas en este Aviso Legal, en la versi\u00f3n publicada para <strong>Finques Segarra <\/strong>en el mismo momento en que el Usuario acceda a la Web. En consecuencia, el Usuario tiene que leer atentamente el presente <strong>Aviso Legal<\/strong> en cada una de las ocasiones en que se proponga utilizar la Web, puesto que puede sufrir modificaciones. <\/p>\n\n<p><strong>INFORMACI\u00d3 SOBRE ELS VINCLES \u201cLINKS\u201d<\/strong><\/p>\n\n<p><strong>Finques Segarra <\/strong>no se hace responsable de las webs no propias o de terceros, a las cuales se puede acceder mediante v\u00ednculos <strong>\u201clinks\u201d<\/strong> o de cualquier contenido puesto a disposici\u00f3n por terceros.<br\/>Cualquier uso de un v\u00ednculo o acceso a una Web no propia es realizado por voluntad y riesgo exclusivo del usuario y <strong>Finques Segarra <\/strong>no recomienda ni garantiza ninguna informaci\u00f3n obtenida a trav\u00e9s de un v\u00ednculo ajeno a la web de <strong>finquessegarra.com<\/strong><strong>,<\/strong> ni se responsabiliza de ninguna p\u00e9rdida, reclamaci\u00f3n o perjuicio derivada del uso o mal uso de un v\u00ednculo, o de la informaci\u00f3n obtenida a trav\u00e9s de \u00e9l, incluyendo otros v\u00ednculos o webs, de la interrupci\u00f3n en el servicio o en el acceso, o del uso o mal uso de un v\u00ednculo, tanto al conectar al portal Web <strong>finquessegarra.com<\/strong> c\u00f3mo al acceder a la informaci\u00f3n de otros webs desde el mismo portal Web.<br\/><\/p>\n\n<p><strong><br\/><\/strong><strong>REN\u00daNCIA Y LIMITACI\u00d3N DE LA RESPONSABILIDAD<\/strong><\/p>\n\n<p>La informaci\u00f3n y servicios incluidos o disponibles a trav\u00e9s de las p\u00e1ginas Web pueden incluir incorrecciones o errores tipogr\u00e1ficos. De forma peri\u00f3dica se incorporan cambios a la informaci\u00f3n contenida.<strong>Finques Segarra<\/strong> puede introducir en cualquier momento mejoras y\/o cambios en los servicios o contenidos.<br\/>Tambi\u00e9n se advierte que los contenidos de esta Web tienen la finalidad informativa en cuanto a la oferta de servicios y tarifas. Seg\u00fan lo previsto en el presente aviso legal y el resto de textos legales del presente portal Web.  <\/p>\n\n<p><strong>INFORMACI\u00d3N SOBRE LA EXENCI\u00d3N DE TODA RESPONSABILIDAD DERIVADA DE UN FALLO T\u00c9CNICO Y DE CONTENIDO<\/strong><\/p>\n\n<p><strong>Finques Segarra<\/strong> declina cualquier responsabilidad en caso de que existan interrupciones o un mal funcionamiento de los servicios o contenidos ofrecidos en Internet, cualquier que sea su causa.<br\/>As\u00ed mismo, <strong>Finques Segarra<\/strong> no se hace responsable por ca\u00eddas de la red, p\u00e9rdidas de negocio a consecuencia de estas ca\u00eddas, suspensiones temporales del fluido el\u00e9ctrico o cualquiera otro tipo.<br\/><br\/><strong>Finques Segarra<\/strong> no declara ni garantiza que los servicios o contenidos no sean interrumpidos o que est\u00e9n libres de errores, que los defectos sean corregidos, o que el servicio o el servidor que lo pone a disposici\u00f3n est\u00e9n libres de virus u otros componentes nocivos, sin perjuicio que <strong>Finques Segarra<\/strong> realiza sus mejores esfuerzos a evitar este tipo de incidentes. En caso de que el Usuario tomara determinadas decisiones o realizara acciones en base a la informaci\u00f3n incluida en cualquier de los \u201cwebsites\u201d, se recomienda la comprobaci\u00f3n de la informaci\u00f3n recibida con otras fuentes. <\/p>\n\n<p><strong>INFORMACI\u00d3N RELATIVA A LA PROPIEDAD INTELECTUAL E INDUSTRIAL<\/strong><\/p>\n\n<p><strong>1<\/strong>. La estructura, dise\u00f1o y forma de presentaci\u00f3n de los elementos (gr\u00e1ficos, im\u00e1genes, ficheros logotipos, combinaciones de colores y cualquier elemento susceptible de protecci\u00f3n) est\u00e1n protegidos por derechos de propiedad intelectual, titularidad de <\/p>\n\n<p><strong>2<\/strong>. Est\u00e1n prohibidas la reproducci\u00f3n, la transformaci\u00f3n, distribuci\u00f3n, comunicaci\u00f3n p\u00fablica, puesta a disposici\u00f3n del p\u00fablico y, en general cualquier otra forma de explotaci\u00f3n, parcial o total de los elementos referidos en el apartado anterior. Estos actos de explotaci\u00f3n s\u00f3lo podr\u00e1n ser realizados en virtud de autorizaci\u00f3n expresa de <strong>Finques Segarra <\/strong>y que, en todo caso, tendr\u00e1n que hacer referencia expl\u00edcita a la titularidad de los citados derechos de propiedad intelectual de <strong>Finques Segarra.<\/strong>  <\/p>\n\n<p><strong>3<\/strong>. S\u00f3lo est\u00e1 autorizado para el uso privado del material documental elaborado para la <strong>Finques Segarra.<\/strong> En ning\u00fan caso, podr\u00e1 suprimir, alterar, eludir o manipular cualquier dispositivo de protecci\u00f3n o sistemas de seguridad que puedan estar instalados. <\/p>\n\n<p><strong>4<\/strong>. Excepto autorizaci\u00f3n expresa de <strong>Finques Segarra <\/strong>no se permite el enlace a \u201cp\u00e1ginas finales\u201d, el \u201cframe\u201d y cualquier otra manipulaci\u00f3n similar. Los enlaces tienen que ser siempre en la p\u00e1gina principal o \u201chome page\u201d llaberiagroup.com.  <\/p>\n\n<p><strong>5<\/strong>. Los signos distintivos (marcas, nombres comerciales) de <strong>Finques Segarra<\/strong> est\u00e1n protegidos por derechos de propiedad industrial, quedando prohibida la utilizaci\u00f3n o manipulaci\u00f3n de cualquier de estos, excepto autorizaci\u00f3n expresa y por escrito de <strong>Finques Segarra.<\/strong> <\/p>\n\n<p><br\/><strong>COMPRA ON-LINE SEGURA<\/strong><\/p>\n\n<p>La seguridad es una prioridad para <strong>Finques Segarra<\/strong> por el que realizamos el m\u00e1ximo esfuerzo para asegurar que nuestro proceso de transacciones sea seguro y de que su informaci\u00f3n personal est\u00e9 en lugar seguro.<\/p>\n\n<p><strong>NO COMPARTA SU INFORMACI\u00d3N PERSONAL<\/strong><\/p>\n\n<p><strong>Finques Segarra<\/strong> nunca le enviar\u00e1 un correo electr\u00f3nico ni le llamar\u00e1 por tel\u00e9fono para pedirle que revele o verifique la contrase\u00f1a de su cuenta a <strong>Finques Segarra<\/strong>, ni sus n\u00fameros de cuenta bancaria o tarjeta de cr\u00e9dito, ni cabe otro tipo de informaci\u00f3n personal. En caso de que alguien se ponga en contacto con usted o de recibir un correo electr\u00f3nico no solicitado que le pida alguna de los datos anteriores, no responda y comun\u00edquelo inmediatamente a <strong>Finques Segarra<\/strong>, porque procedan a la investigaci\u00f3n del incidente. <\/p>\n\n<p><strong>IDENTIFIQUE LOS CORREOS ELECTR\u00d3NICOS FALSOS (intentos de &#8216;spoofing&#8217; o &#8216;phishing&#8217;)<\/strong><\/p>\n\n<p>Ignore todo correo electr\u00f3nico que reciba en el cual se le solicite informaci\u00f3n personal o que le redirija en otra p\u00e1gina web que no sea propiedad de <strong>Finques Segarra<\/strong>, o de sociedades de su grupo, o en el cual se le pida que pague en un medio diferente del autorizado por <strong>Finques Segarra<\/strong>, puesto que podr\u00eda ser un intento de suplantaci\u00f3n de personalidad (&#8216;spoofing&#8217; o &#8216;phishing&#8217;), y tendr\u00e1 que considerarlo fraudulento.<\/p>\n\n<p><strong>Finques Segarra<\/strong> utiliza el dominio &#8220;<strong>finquessegarra.com<\/strong>\u201d por sus correos electr\u00f3nicos.<br\/>Si usted recibe un correo electr\u00f3nico con un formato diferente, por ejemplo: <a href=\"mailto:solpronet.security@hotmail.com\">Finquessegarra.security@hotmail.com<\/a>, puede estar seguro de que es un correo falso.<\/p>\n\n<p>Algunos correos electr\u00f3nicos que practican phishing contienen enlaces a sitios web que utilizan la palabra &#8220;<strong>Finques Segarra<\/strong>\u201d a su URL, pero que le dirigir\u00e1n a un sitio web completamente diferente. Si desplaza el rat\u00f3n por encima del enlace, podr\u00e1 ver la URL asociada, que probablemente tendr\u00e1 un formato diferente a las enlazadas en los sitios web aut\u00e9nticos de <strong>Finques Segarra<\/strong>. <\/p>\n\n<p>Si aun as\u00ed usted hace clic en un correo electr\u00f3nico que practica phishing y es redirigido en una p\u00e1gina que se asemeje a &#8220;A su Cuenta&#8221; o a cualquier que le pida verificar o modificar su informaci\u00f3n personal, ign\u00f3rela y consid\u00e9rela como fraudulenta.<\/p>\n\n<p><strong>COMUNIQUE LOS INTENTOS DE &#8216;phishing&#8217;<\/strong><\/p>\n\n<p>Env\u00ede un correo electr\u00f3nico a la direcci\u00f3n <strong><a href=\"mailto:info@solpronet.com\">info@finquessegarra.com<\/a><\/strong> y adjunte el correo electr\u00f3nico que considera falso. Al adjuntarnos este correo electr\u00f3nico fraudulento, nos est\u00e1 ayudando a localizar su origen.<\/p>\n\n<p>Si no puede adjuntar el correo electr\u00f3nico falso, reenv\u00edelo a <strong><a href=\"mailto:info@solpronet.com\">info@finquessegarra.com<\/a><\/strong> e incluya la mayor cantidad de informaci\u00f3n posible sobre el mismo.<\/p>\n\n<p><strong>INFORMACI\u00d3N Al \/AL COMPRADOR SOBRE LA PLATAFORMA DE RESOLUCI\u00d3N DE CONFLICTOS @E-commerce.<br\/><\/strong><br\/>Se informa al comprador de productos de este sitio web, de la existencia de una plataforma de resoluci\u00f3n de litigios online.<br\/><br\/>Conforme al Art\u00edculo 14.1 del <strong><em>Reglamento (UE) 524\/2013<\/em><\/strong><em>: <\/em> <\/p>\n\n<p><em>\u201cLa Comisi\u00f3n Europea facilita una plataforma de resoluci\u00f3n de litigios en l\u00ednea que se encuentra disponible en el siguiente enlace: <\/em><a href=\"http:\/\/ec.europa.eu\/consumers\/odr\/\"><em>http:\/\/ec.europa.eu\/consumers\/odr\/<\/em><\/a><em>.<\/em><\/p>\n\n<p><em>Los consumidores podr\u00e1n someter sus reclamaciones a trav\u00e9s de la plataforma de resoluci\u00f3n de litigios en l\u00ednea\u201d.<\/em><strong><\/strong><\/p>\n\n<p>Una vez le\u00edda toda la informaci\u00f3n facilitada, avisamos al usuario que, <strong><em>si prosigue su navegaci\u00f3n por nuestro sitio web, sin haber tomado las medidas oportunas de personalizaci\u00f3n de sus navegadores, para impedir la instalaci\u00f3n de las cookies<\/em><\/strong><em> <strong>empleadas por el mismo<\/strong><\/em>, en los t\u00e9rminos incluidos en el <strong>art\u00edculo 22.2<\/strong> de la <strong>Ley 34\/2002 de Servicios de la Sociedad de la Informaci\u00f3n y Comercio Electr\u00f3nico<\/strong>, seg\u00fan la redacci\u00f3n del mismo dada por el <strong>RD 13\/2012<\/strong> de 30 de marzo, por el cual se trasponen directivas en materia de mercados interiores de electricidad y gas y en materia de comunicaciones electr\u00f3nicas <strong><em>estar\u00e1 prestando su consentimiento<\/em><\/strong> para la utilizaci\u00f3n de los referidos mecanismos.<\/p>\n","protected":false},"excerpt":{"rendered":"<p>Aviso Legal (LSSI) De conformidad con el art\u00edculo 10 de la Ley 34\/2002, de 11 de julio, de \u201cServicios de la Sociedad de la Informaci\u00f3n y Comercio Electr\u00f3nico (LSSI)\u201d, ponemos en su conocimiento la siguiente informaci\u00f3n: Finques Segarra, es el titular del portal Web finquessegarra.com, que act\u00faa exclusivamente como explotadora, y gestora de los contenidos [&hellip;]<\/p>\n","protected":false},"author":1,"featured_media":0,"parent":0,"menu_order":0,"comment_status":"closed","ping_status":"closed","template":"","meta":{"_acf_changed":false,"_et_pb_use_builder":"off","_et_pb_old_content":"","_et_gb_content_width":"","_joinchat":[],"footnotes":""},"class_list":["post-1084","page","type-page","status-publish","hentry"],"acf":[],"yoast_head":"<!-- This site is optimized with the Yoast SEO plugin v26.9 - https:\/\/yoast.com\/product\/yoast-seo-wordpress\/ -->\n<title>Av\u00eds legal Finques Segarra - \ud83e\udd47 Inmobiliaria Vendrell - Comarruga<\/title>\n<meta name=\"description\" content=\"Consulta l&#039;av\u00eds legal de Finques Segarra. Informaci\u00f3 sobre les condicions d&#039;\u00fas, responsabilitat i dades legals d&#039;aquesta web.\" \/>\n<meta name=\"robots\" content=\"index, follow, max-snippet:-1, max-image-preview:large, max-video-preview:-1\" \/>\n<link rel=\"canonical\" href=\"https:\/\/finquessegarra.com\/ca\/avis-legal-segarra\/\" \/>\n<meta property=\"og:locale\" content=\"ca_ES\" \/>\n<meta property=\"og:type\" content=\"article\" \/>\n<meta property=\"og:title\" content=\"Av\u00eds legal Finques Segarra - \ud83e\udd47 Inmobiliaria Vendrell - Comarruga\" \/>\n<meta property=\"og:description\" content=\"Consulta l&#039;av\u00eds legal de Finques Segarra. Informaci\u00f3 sobre les condicions d&#039;\u00fas, responsabilitat i dades legals d&#039;aquesta web.\" \/>\n<meta property=\"og:url\" content=\"https:\/\/finquessegarra.com\/ca\/avis-legal-segarra\/\" \/>\n<meta property=\"og:site_name\" content=\"\ud83e\udd47 Inmobiliaria Vendrell - Comarruga\" \/>\n<meta property=\"article:modified_time\" content=\"2026-02-19T08:49:48+00:00\" \/>\n<meta name=\"twitter:card\" content=\"summary_large_image\" \/>\n<meta name=\"twitter:label1\" content=\"Temps estimat de lectura\" \/>\n\t<meta name=\"twitter:data1\" content=\"7 minuts\" \/>\n<script type=\"application\/ld+json\" class=\"yoast-schema-graph\">{\"@context\":\"https:\/\/schema.org\",\"@graph\":[{\"@type\":\"WebPage\",\"@id\":\"https:\/\/finquessegarra.com\/ca\/avis-legal-segarra\/\",\"url\":\"https:\/\/finquessegarra.com\/ca\/avis-legal-segarra\/\",\"name\":\"Av\u00eds legal Finques Segarra - \ud83e\udd47 Inmobiliaria Vendrell - Comarruga\",\"isPartOf\":{\"@id\":\"https:\/\/finquessegarra.com\/ca\/#website\"},\"datePublished\":\"2025-12-04T00:16:41+00:00\",\"dateModified\":\"2026-02-19T08:49:48+00:00\",\"description\":\"Consulta l'av\u00eds legal de Finques Segarra. Informaci\u00f3 sobre les condicions d'\u00fas, responsabilitat i dades legals d'aquesta web.\",\"breadcrumb\":{\"@id\":\"https:\/\/finquessegarra.com\/ca\/avis-legal-segarra\/#breadcrumb\"},\"inLanguage\":\"ca\",\"potentialAction\":[{\"@type\":\"ReadAction\",\"target\":[\"https:\/\/finquessegarra.com\/ca\/avis-legal-segarra\/\"]}]},{\"@type\":\"BreadcrumbList\",\"@id\":\"https:\/\/finquessegarra.com\/ca\/avis-legal-segarra\/#breadcrumb\",\"itemListElement\":[{\"@type\":\"ListItem\",\"position\":1,\"name\":\"Portada\",\"item\":\"https:\/\/finquessegarra.com\/ca\/\"},{\"@type\":\"ListItem\",\"position\":2,\"name\":\"Av\u00eds legal\"}]},{\"@type\":\"WebSite\",\"@id\":\"https:\/\/finquessegarra.com\/ca\/#website\",\"url\":\"https:\/\/finquessegarra.com\/ca\/\",\"name\":\"\ud83e\udd47 Inmobiliaria Vendrell - Comarruga\",\"description\":\"\",\"potentialAction\":[{\"@type\":\"SearchAction\",\"target\":{\"@type\":\"EntryPoint\",\"urlTemplate\":\"https:\/\/finquessegarra.com\/ca\/?s={search_term_string}\"},\"query-input\":{\"@type\":\"PropertyValueSpecification\",\"valueRequired\":true,\"valueName\":\"search_term_string\"}}],\"inLanguage\":\"ca\"}]}<\/script>\n<!-- \/ Yoast SEO plugin. -->","yoast_head_json":{"title":"Av\u00eds legal Finques Segarra - \ud83e\udd47 Inmobiliaria Vendrell - Comarruga","description":"Consulta l'av\u00eds legal de Finques Segarra. Informaci\u00f3 sobre les condicions d'\u00fas, responsabilitat i dades legals d'aquesta web.","robots":{"index":"index","follow":"follow","max-snippet":"max-snippet:-1","max-image-preview":"max-image-preview:large","max-video-preview":"max-video-preview:-1"},"canonical":"https:\/\/finquessegarra.com\/ca\/avis-legal-segarra\/","og_locale":"ca_ES","og_type":"article","og_title":"Av\u00eds legal Finques Segarra - \ud83e\udd47 Inmobiliaria Vendrell - Comarruga","og_description":"Consulta l'av\u00eds legal de Finques Segarra. Informaci\u00f3 sobre les condicions d'\u00fas, responsabilitat i dades legals d'aquesta web.","og_url":"https:\/\/finquessegarra.com\/ca\/avis-legal-segarra\/","og_site_name":"\ud83e\udd47 Inmobiliaria Vendrell - Comarruga","article_modified_time":"2026-02-19T08:49:48+00:00","twitter_card":"summary_large_image","twitter_misc":{"Temps estimat de lectura":"7 minuts"},"schema":{"@context":"https:\/\/schema.org","@graph":[{"@type":"WebPage","@id":"https:\/\/finquessegarra.com\/ca\/avis-legal-segarra\/","url":"https:\/\/finquessegarra.com\/ca\/avis-legal-segarra\/","name":"Av\u00eds legal Finques Segarra - \ud83e\udd47 Inmobiliaria Vendrell - Comarruga","isPartOf":{"@id":"https:\/\/finquessegarra.com\/ca\/#website"},"datePublished":"2025-12-04T00:16:41+00:00","dateModified":"2026-02-19T08:49:48+00:00","description":"Consulta l'av\u00eds legal de Finques Segarra. Informaci\u00f3 sobre les condicions d'\u00fas, responsabilitat i dades legals d'aquesta web.","breadcrumb":{"@id":"https:\/\/finquessegarra.com\/ca\/avis-legal-segarra\/#breadcrumb"},"inLanguage":"ca","potentialAction":[{"@type":"ReadAction","target":["https:\/\/finquessegarra.com\/ca\/avis-legal-segarra\/"]}]},{"@type":"BreadcrumbList","@id":"https:\/\/finquessegarra.com\/ca\/avis-legal-segarra\/#breadcrumb","itemListElement":[{"@type":"ListItem","position":1,"name":"Portada","item":"https:\/\/finquessegarra.com\/ca\/"},{"@type":"ListItem","position":2,"name":"Av\u00eds legal"}]},{"@type":"WebSite","@id":"https:\/\/finquessegarra.com\/ca\/#website","url":"https:\/\/finquessegarra.com\/ca\/","name":"\ud83e\udd47 Inmobiliaria Vendrell - Comarruga","description":"","potentialAction":[{"@type":"SearchAction","target":{"@type":"EntryPoint","urlTemplate":"https:\/\/finquessegarra.com\/ca\/?s={search_term_string}"},"query-input":{"@type":"PropertyValueSpecification","valueRequired":true,"valueName":"search_term_string"}}],"inLanguage":"ca"}]}},"_links":{"self":[{"href":"https:\/\/finquessegarra.com\/ca\/wp-json\/wp\/v2\/pages\/1084","targetHints":{"allow":["GET"]}}],"collection":[{"href":"https:\/\/finquessegarra.com\/ca\/wp-json\/wp\/v2\/pages"}],"about":[{"href":"https:\/\/finquessegarra.com\/ca\/wp-json\/wp\/v2\/types\/page"}],"author":[{"embeddable":true,"href":"https:\/\/finquessegarra.com\/ca\/wp-json\/wp\/v2\/users\/1"}],"replies":[{"embeddable":true,"href":"https:\/\/finquessegarra.com\/ca\/wp-json\/wp\/v2\/comments?post=1084"}],"version-history":[{"count":3,"href":"https:\/\/finquessegarra.com\/ca\/wp-json\/wp\/v2\/pages\/1084\/revisions"}],"predecessor-version":[{"id":1089,"href":"https:\/\/finquessegarra.com\/ca\/wp-json\/wp\/v2\/pages\/1084\/revisions\/1089"}],"wp:attachment":[{"href":"https:\/\/finquessegarra.com\/ca\/wp-json\/wp\/v2\/media?parent=1084"}],"curies":[{"name":"wp","href":"https:\/\/api.w.org\/{rel}","templated":true}]}}