{"id":1086,"date":"2025-12-04T01:17:56","date_gmt":"2025-12-04T00:17:56","guid":{"rendered":"https:\/\/finquessegarra.com\/politica-de-cookies\/"},"modified":"2026-02-19T10:01:54","modified_gmt":"2026-02-19T09:01:54","slug":"politica-de-cookies","status":"publish","type":"page","link":"https:\/\/finquessegarra.com\/ca\/politica-de-cookies\/","title":{"rendered":"Pol\u00edtica de cookies"},"content":{"rendered":"\n<p>Una &#8220;<strong>Cookie<\/strong>&#8221; es un peque\u00f1o archivo que se almacena al ordenador del usuario y nos permite reconocerlo. El conjunto de &#8220;cookies&#8221; nos ayuda a mejorar la calidad de nuestra web, permiti\u00e9ndonos controlar qu\u00e9 p\u00e1ginas encuentran nuestros usuarios \u00fatiles y qu\u00e9 no.<br\/>Las cookies son esenciales para el funcionamiento de internet, aportando innumerables ventajas en la prestaci\u00f3n de servicios interactivos, facilit\u00e1ndole la navegaci\u00f3n y usabilidad de nuestra web. Tenga en cuenta que las cookies no pueden da\u00f1ar su equipo y que, en cambio, el que est\u00e9n activadas nos ayudan a identificar y resolver los errores. <\/p>\n\n<p>La informaci\u00f3n que le proporcionamos a continuaci\u00f3n le ayudar\u00e1 a comprender los diferentes tipos de cookies:<\/p>\n\n<p> <strong>Cookies de sesi\u00f3n<\/strong>: son cookies temporales que permanecen al archivo de cookies de su navegador hasta que abandone la p\u00e1gina web, por lo cual ninguno queda registrado en el disco llevar del usuario. La informaci\u00f3n obtenida por medio de estas cookies, Finques Segarraven para analizar pautas de tr\u00e1fico de la web. A la larga, esto nos permite proporcionar una mejor experiencia para mejorar el contenido y facilitando su uso  <\/p>\n\n<p> <strong>Cookies permanentes<\/strong>: son almacenadas en el disco duro y nuestra web las lee cada vez que usted realiza una nueva visita. Una cookie permanente posee una fecha de expiraci\u00f3n determinada. La cookie dejar\u00e1 de funcionar despu\u00e9s de esta fecha. Las utilizamos generalmente, para facilitar los servicios de compra y registro.   <\/p>\n\n<p><strong>Cookies polivalentes<\/strong>: Una cookie puede utilizarse para varias finalidades, por lo cual \u00fanicamente podr\u00e1 estar exento del requisito de consentimiento si todas y cada una de las finalidades por las cuales se utilice est\u00e1n individualmente exentas del requisito de consentimiento.<\/p>\n\n<p>El usuario tiene la opci\u00f3n de impedir la generaci\u00f3n de \u201c<strong>cookies<\/strong>\u201d, mediante la selecci\u00f3n de la correspondiente opci\u00f3n a su software \u201cnavegador\u201d. Sin embargo, <strong>Finques Segarra, <\/strong>no se responsabiliza que la desactivaci\u00f3n de las mismas impida el buen funcionamiento de la p\u00e1gina web. <\/p>\n\n<p> Ejemplos de configuraci\u00f3n de las cookies en diferentes navegadores: <\/p>\n\n<p><strong>Google Chrome:<\/strong><\/p>\n\n<p><a href=\"http:\/\/support.google.com\/chrome\/bin\/answer.py?hl=es&amp;answer=95647\">http:\/\/support.google.com\/chrome\/bin\/answer.py?hl=es&amp;answer=95647<\/a><\/p>\n\n<p><strong>Microsoft Edge:<\/strong><\/p>\n\n<figure class=\"wp-block-embed\"><div class=\"wp-block-embed__wrapper\">\nhttps:\/\/support.microsoft.com\/es-es\/windows\/administrar-cookies-en-microsoft-edge-ver-permitir-bloquear-eliminar-y-usar-168dab11-0753-043d-7c16-ede5947fc64d\n<\/div><\/figure>\n\n<p><strong>Firefox:<\/strong><\/p>\n\n<p><a href=\"http:\/\/support.mozilla.org\/es\/kb\/habilitar-y-deshabilitar-cookies-que-los-sitios-we\">http:\/\/support.mozilla.org\/es\/kb\/habilitar-y-deshabilitar-cookies-que-los-sitios-we<\/a><\/p>\n\n<p><strong>Safari:<\/strong><\/p>\n\n<p><a href=\"http:\/\/support.apple.com\/kb\/ph5042\">http:\/\/support.apple.com\/kb\/ph5042<\/a><\/p>\n\n<p>Los informamos que <strong>Finques Segarra, <\/strong>en su dominio <a href=\"http:\/\/support.google.com\/chrome\/bin\/answer.py?hl=es&amp;answer=95647\"><strong>finquessegarra.com<\/strong><\/a> no utiliza ning\u00fan tipo de \u201ccookie\u201d, por el tratamiento de datos personales, que permitan la identificaci\u00f3n de personas f\u00edsicas concretas.<\/p>\n\n<p><strong>COOKIES PROPIAS<\/strong><\/p>\n\n<p><strong>Dominio: <\/strong><a href=\"http:\/\/finquessegarra.com\/\">finquessegarra.com<\/a><\/p>\n\n<p><strong>Nombre de la &#8220;Cookie&#8221;:<\/strong> ver_legal<\/p>\n\n<p><strong>Expira: <\/strong>Permanente<\/p>\n\n<p><strong>Informaci\u00f3n: <\/strong>Control de la versi\u00f3n de los textos legales.<\/p>\n\n<p><strong>COOKIES DE TERCEROS<\/strong><\/p>\n\n<p><strong>Dominio:<\/strong> <a href=\"http:\/\/finquessegarra.com\/\">finquessegarra.com<\/a><\/p>\n\n<p><strong>Nombre de la &#8220;Cookie&#8221;: <\/strong>__utma<\/p>\n\n<p><strong>Expira: <\/strong>2 a\u00f1os a partir de la configuraci\u00f3n o actualizaci\u00f3n<\/p>\n\n<p><strong>Informaci\u00f3n: <\/strong>Se usa para distinguir usuarios y sesiones. La cookie se crea cuando se ejecuta la biblioteca JavaScript y no hay ninguna cookie __utma. La cookie se actualiza cada vez que se env\u00edan datos a Google Analytics.  <\/p>\n\n<p><strong>Dominio: <\/strong><a href=\"http:\/\/finquessegarra.com\/\">finquessegarra.com<\/a><\/p>\n\n<p><strong>Nombre de la &#8220;Cookie&#8221;:<\/strong> __utmb<\/p>\n\n<p><strong>Expira: <\/strong>30 minutos a partir de la configuraci\u00f3n o actualizaci\u00f3n<\/p>\n\n<p><strong>Informaci\u00f3n: <\/strong>Se usa para determinar nuevas sesiones o visitas. La cookie se crea cuando se ejecuta la biblioteca JavaScript y no hay ninguna cookie __utmb. La cookie se actualiza cada vez que se env\u00edan datos a Google Analytics.  <\/p>\n\n<p><strong>Dominio:<\/strong> <a href=\"http:\/\/finquessegarra.com\/\">finquessegarra.com<\/a><\/p>\n\n<p><strong>Nombre de la &#8220;Cookie&#8221;: <\/strong>__utmc<\/p>\n\n<p><strong>Expira: <\/strong>Fin de la sesi\u00f3n del navegador<\/p>\n\n<p><strong>Informaci\u00f3n: <\/strong>No se usa en ga.js. Se configura para interactuar con urchin.js. Anteriormente, esta cookie actuaba junto con la cookie __utmb para determinar si el usuario estaba en una nueva sesi\u00f3n o visita.  <\/p>\n\n<p><strong>Dominio: <\/strong><a href=\"http:\/\/finquessegarra.com\/\">finquessegarra.com<\/a><\/p>\n\n<p><strong>Nombre de la &#8220;Cookie&#8221;: <\/strong>__utmz<\/p>\n\n<p><strong>Expira:<\/strong> Seis meses a partir de la configuraci\u00f3n o actualizaci\u00f3n<\/p>\n\n<p><strong>Informaci\u00f3n: <\/strong>Almacena la fuente de tr\u00e1fico o la campa\u00f1a que explica c\u00f3mo ha llegado el usuario al sitio. La cookie se crea cuando se ejecuta la biblioteca JavaScript y se actualiza cada vez que se env\u00edan datos a Google Analytics. <\/p>\n\n<p><strong>Dominio: <\/strong><a href=\"http:\/\/finquessegarra.com\/\">finquessegarra.com<\/a><\/p>\n\n<p><strong>Nombre de la &#8220;Cookie&#8221;:<\/strong> __utmv<\/p>\n\n<p><strong>Expira: <\/strong>Dos a\u00f1os a partir de la configuraci\u00f3n o actualizaci\u00f3n<\/p>\n\n<p><strong>Informaci\u00f3n: <\/strong>Se usa para almacenar datos de variables personalizadas de visitante. Esta cookie se crea cuando un programador usa el m\u00e9todo <em>setCustomVar con una variable personalizada de visitante. Tambi\u00e9n se usaba para el m\u00e9todo <\/em>setVar obsoleto. La cookie se actualiza cada vez que se env\u00edan datos a Google Analytics.   <\/p>\n\n<p>Una vez le\u00edda toda la informaci\u00f3n facilitada, avisamos al usuario que, si prosigue su navegaci\u00f3n por nuestro sitio web, sin haber tomado las medidas oportunas de personalizaci\u00f3n de sus navegadores, para impedir la instalaci\u00f3n de las cookies empleadas por el mismo, en los t\u00e9rminos incluidos en el art\u00edculo 22.2 de la Ley 34\/2002 de Servicios de la Sociedad de la Informaci\u00f3n y Comercio Electr\u00f3nico, seg\u00fan la redacci\u00f3n del mismo dada por el RD 13\/2012 de 30 de marzo, por el cual se trasponen directivas en materia de mercados interiores de electricidad y gas y en materia de comunicaciones electr\u00f3nicas estar\u00e1 prestando su consentimiento para la utilizaci\u00f3n de los referidos mecanismos.<\/p>\n","protected":false},"excerpt":{"rendered":"<p>Una &#8220;Cookie&#8221; es un peque\u00f1o archivo que se almacena al ordenador del usuario y nos permite reconocerlo. El conjunto de &#8220;cookies&#8221; nos ayuda a mejorar la calidad de nuestra web, permiti\u00e9ndonos controlar qu\u00e9 p\u00e1ginas encuentran nuestros usuarios \u00fatiles y qu\u00e9 no.Las cookies son esenciales para el funcionamiento de internet, aportando innumerables ventajas en la prestaci\u00f3n [&hellip;]<\/p>\n","protected":false},"author":1,"featured_media":0,"parent":0,"menu_order":0,"comment_status":"closed","ping_status":"closed","template":"","meta":{"_acf_changed":false,"_et_pb_use_builder":"off","_et_pb_old_content":"","_et_gb_content_width":"","_joinchat":[],"footnotes":""},"class_list":["post-1086","page","type-page","status-publish","hentry"],"acf":[],"yoast_head":"<!-- This site is optimized with the Yoast SEO plugin v26.9 - https:\/\/yoast.com\/product\/yoast-seo-wordpress\/ -->\n<title>Pol\u00edtica de cookies - \ud83e\udd47 Inmobiliaria Vendrell - Comarruga<\/title>\n<meta name=\"description\" content=\"La pol\u00edtica de cookies de Finques Segarra. Informaci\u00f3 transparent sobre l&#039;\u00fas de cookies a la nostra web i com protegim la teva privacitat.\" \/>\n<meta name=\"robots\" content=\"index, follow, max-snippet:-1, max-image-preview:large, max-video-preview:-1\" \/>\n<link rel=\"canonical\" href=\"https:\/\/finquessegarra.com\/ca\/politica-de-cookies\/\" \/>\n<meta property=\"og:locale\" content=\"ca_ES\" \/>\n<meta property=\"og:type\" content=\"article\" \/>\n<meta property=\"og:title\" content=\"Pol\u00edtica de cookies - \ud83e\udd47 Inmobiliaria Vendrell - Comarruga\" \/>\n<meta property=\"og:description\" content=\"La pol\u00edtica de cookies de Finques Segarra. Informaci\u00f3 transparent sobre l&#039;\u00fas de cookies a la nostra web i com protegim la teva privacitat.\" \/>\n<meta property=\"og:url\" content=\"https:\/\/finquessegarra.com\/ca\/politica-de-cookies\/\" \/>\n<meta property=\"og:site_name\" content=\"\ud83e\udd47 Inmobiliaria Vendrell - Comarruga\" \/>\n<meta property=\"article:modified_time\" content=\"2026-02-19T09:01:54+00:00\" \/>\n<meta name=\"twitter:card\" content=\"summary_large_image\" \/>\n<meta name=\"twitter:label1\" content=\"Temps estimat de lectura\" \/>\n\t<meta name=\"twitter:data1\" content=\"4 minuts\" \/>\n<script type=\"application\/ld+json\" class=\"yoast-schema-graph\">{\"@context\":\"https:\/\/schema.org\",\"@graph\":[{\"@type\":\"WebPage\",\"@id\":\"https:\/\/finquessegarra.com\/ca\/politica-de-cookies\/\",\"url\":\"https:\/\/finquessegarra.com\/ca\/politica-de-cookies\/\",\"name\":\"Pol\u00edtica de cookies - \ud83e\udd47 Inmobiliaria Vendrell - Comarruga\",\"isPartOf\":{\"@id\":\"https:\/\/finquessegarra.com\/ca\/#website\"},\"datePublished\":\"2025-12-04T00:17:56+00:00\",\"dateModified\":\"2026-02-19T09:01:54+00:00\",\"description\":\"La pol\u00edtica de cookies de Finques Segarra. Informaci\u00f3 transparent sobre l'\u00fas de cookies a la nostra web i com protegim la teva privacitat.\",\"breadcrumb\":{\"@id\":\"https:\/\/finquessegarra.com\/ca\/politica-de-cookies\/#breadcrumb\"},\"inLanguage\":\"ca\",\"potentialAction\":[{\"@type\":\"ReadAction\",\"target\":[\"https:\/\/finquessegarra.com\/ca\/politica-de-cookies\/\"]}]},{\"@type\":\"BreadcrumbList\",\"@id\":\"https:\/\/finquessegarra.com\/ca\/politica-de-cookies\/#breadcrumb\",\"itemListElement\":[{\"@type\":\"ListItem\",\"position\":1,\"name\":\"Portada\",\"item\":\"https:\/\/finquessegarra.com\/ca\/\"},{\"@type\":\"ListItem\",\"position\":2,\"name\":\"Pol\u00edtica de cookies\"}]},{\"@type\":\"WebSite\",\"@id\":\"https:\/\/finquessegarra.com\/ca\/#website\",\"url\":\"https:\/\/finquessegarra.com\/ca\/\",\"name\":\"\ud83e\udd47 Inmobiliaria Vendrell - Comarruga\",\"description\":\"\",\"potentialAction\":[{\"@type\":\"SearchAction\",\"target\":{\"@type\":\"EntryPoint\",\"urlTemplate\":\"https:\/\/finquessegarra.com\/ca\/?s={search_term_string}\"},\"query-input\":{\"@type\":\"PropertyValueSpecification\",\"valueRequired\":true,\"valueName\":\"search_term_string\"}}],\"inLanguage\":\"ca\"}]}<\/script>\n<!-- \/ Yoast SEO plugin. -->","yoast_head_json":{"title":"Pol\u00edtica de cookies - \ud83e\udd47 Inmobiliaria Vendrell - Comarruga","description":"La pol\u00edtica de cookies de Finques Segarra. Informaci\u00f3 transparent sobre l'\u00fas de cookies a la nostra web i com protegim la teva privacitat.","robots":{"index":"index","follow":"follow","max-snippet":"max-snippet:-1","max-image-preview":"max-image-preview:large","max-video-preview":"max-video-preview:-1"},"canonical":"https:\/\/finquessegarra.com\/ca\/politica-de-cookies\/","og_locale":"ca_ES","og_type":"article","og_title":"Pol\u00edtica de cookies - \ud83e\udd47 Inmobiliaria Vendrell - Comarruga","og_description":"La pol\u00edtica de cookies de Finques Segarra. Informaci\u00f3 transparent sobre l'\u00fas de cookies a la nostra web i com protegim la teva privacitat.","og_url":"https:\/\/finquessegarra.com\/ca\/politica-de-cookies\/","og_site_name":"\ud83e\udd47 Inmobiliaria Vendrell - Comarruga","article_modified_time":"2026-02-19T09:01:54+00:00","twitter_card":"summary_large_image","twitter_misc":{"Temps estimat de lectura":"4 minuts"},"schema":{"@context":"https:\/\/schema.org","@graph":[{"@type":"WebPage","@id":"https:\/\/finquessegarra.com\/ca\/politica-de-cookies\/","url":"https:\/\/finquessegarra.com\/ca\/politica-de-cookies\/","name":"Pol\u00edtica de cookies - \ud83e\udd47 Inmobiliaria Vendrell - Comarruga","isPartOf":{"@id":"https:\/\/finquessegarra.com\/ca\/#website"},"datePublished":"2025-12-04T00:17:56+00:00","dateModified":"2026-02-19T09:01:54+00:00","description":"La pol\u00edtica de cookies de Finques Segarra. Informaci\u00f3 transparent sobre l'\u00fas de cookies a la nostra web i com protegim la teva privacitat.","breadcrumb":{"@id":"https:\/\/finquessegarra.com\/ca\/politica-de-cookies\/#breadcrumb"},"inLanguage":"ca","potentialAction":[{"@type":"ReadAction","target":["https:\/\/finquessegarra.com\/ca\/politica-de-cookies\/"]}]},{"@type":"BreadcrumbList","@id":"https:\/\/finquessegarra.com\/ca\/politica-de-cookies\/#breadcrumb","itemListElement":[{"@type":"ListItem","position":1,"name":"Portada","item":"https:\/\/finquessegarra.com\/ca\/"},{"@type":"ListItem","position":2,"name":"Pol\u00edtica de cookies"}]},{"@type":"WebSite","@id":"https:\/\/finquessegarra.com\/ca\/#website","url":"https:\/\/finquessegarra.com\/ca\/","name":"\ud83e\udd47 Inmobiliaria Vendrell - Comarruga","description":"","potentialAction":[{"@type":"SearchAction","target":{"@type":"EntryPoint","urlTemplate":"https:\/\/finquessegarra.com\/ca\/?s={search_term_string}"},"query-input":{"@type":"PropertyValueSpecification","valueRequired":true,"valueName":"search_term_string"}}],"inLanguage":"ca"}]}},"_links":{"self":[{"href":"https:\/\/finquessegarra.com\/ca\/wp-json\/wp\/v2\/pages\/1086","targetHints":{"allow":["GET"]}}],"collection":[{"href":"https:\/\/finquessegarra.com\/ca\/wp-json\/wp\/v2\/pages"}],"about":[{"href":"https:\/\/finquessegarra.com\/ca\/wp-json\/wp\/v2\/types\/page"}],"author":[{"embeddable":true,"href":"https:\/\/finquessegarra.com\/ca\/wp-json\/wp\/v2\/users\/1"}],"replies":[{"embeddable":true,"href":"https:\/\/finquessegarra.com\/ca\/wp-json\/wp\/v2\/comments?post=1086"}],"version-history":[{"count":1,"href":"https:\/\/finquessegarra.com\/ca\/wp-json\/wp\/v2\/pages\/1086\/revisions"}],"predecessor-version":[{"id":1087,"href":"https:\/\/finquessegarra.com\/ca\/wp-json\/wp\/v2\/pages\/1086\/revisions\/1087"}],"wp:attachment":[{"href":"https:\/\/finquessegarra.com\/ca\/wp-json\/wp\/v2\/media?parent=1086"}],"curies":[{"name":"wp","href":"https:\/\/api.w.org\/{rel}","templated":true}]}}