{"id":1090,"date":"2025-12-04T01:17:11","date_gmt":"2025-12-04T00:17:11","guid":{"rendered":"https:\/\/finquessegarra.com\/politica-de-privadesa\/"},"modified":"2026-02-19T10:03:46","modified_gmt":"2026-02-19T09:03:46","slug":"politica-de-privacitat","status":"publish","type":"page","link":"https:\/\/finquessegarra.com\/ca\/politica-de-privacitat\/","title":{"rendered":"Pol\u00edtica de privacitat"},"content":{"rendered":"\n<p>Pol\u00edtica de Privacidad (RGPDUE)<\/p>\n\n<p>De conformidad a lo establecido por el <strong>Reglamento (UE) 2016\/679<\/strong> del Parlamento Europeo y del Consejo, de 27 de abril de 2016, relativo a la protecci\u00f3n de las personas f\u00edsicas en cuanto al tratamiento de datos personales y a la libre circulaci\u00f3n de estos datos, le informamos que los datos personales facilitados a trav\u00e9s de los formularios, as\u00ed como su direcci\u00f3n de correo electr\u00f3nico, han sido incluidas a un tratamiento titularidad de <strong>Finques Segarra<\/strong><strong>,<\/strong> E-mail <strong><a href=\"mailto:info@solpronet.com\">info@finquessegarra.com<\/a><\/strong> <strong>,<\/strong> con el fin de atender sus consultas y env\u00edo de informaci\u00f3n relacionada con los productos y servicios que ofrece <strong>Finques Segarra.<\/strong><\/p>\n\n<p><br\/>Se informa que los datos pueden ser utilizados para el env\u00edo de comunicaciones comerciales, por cualquier medio, relativo a otros servicios de nuestra empresa que puedan ser de su inter\u00e9s. Si bien podr\u00e1 en cualquier momento oponerse a este tipo de env\u00edos, enviando un correo electr\u00f3nico a la direcci\u00f3n <a href=\"mailto:info@solpronet.com\"><strong>info@finquessegarra.com<\/strong><\/a> i indicando en el asunto <strong>&#8220;BAJA DE LA LISTA DE DISTRIBUCI\u00d3N&#8221;.<\/strong> <\/p>\n\n<p>As\u00ed mismo, podr\u00e1 ejercer los derechos de <strong>a<\/strong>cceso, <strong>r<\/strong>ectificaci\u00f3n,<strong> c<\/strong>ancelaci\u00f3n, <strong>o<\/strong>posici\u00f3n y si procede de, <strong>p<\/strong>ortabilidad y <strong>l<\/strong>imitaci\u00f3n, enviando un escrito acompa\u00f1ado de una fotocopia del D.N.I a la siguiente direcci\u00f3n: <strong>C\/Riera n\u00ba1 &#8211; Vilaseca &#8211; Tarragona <\/strong>o bien envi\u00e1ndolo por correo electr\u00f3nico <a href=\"mailto:info@solpronet.com\"><strong>info@finquessegarra.com<\/strong><\/a> y acompa\u00f1ada de una fotocopia de su DNI o documento acreditativo equivalente e indicando al asunto &#8220;<strong>PROTECCI\u00d3N DE DATOS<\/strong>&#8220;.<br\/><\/p>\n\n<p><strong>POL\u00cdTICA DE PRIVACIDAD<\/strong><\/p>\n\n<p><strong>Finques Segarra<\/strong> est\u00e1 especialmente sensibilizada en la protecci\u00f3n de los datos de los usuarios de los servicios a los cuales se accede a trav\u00e9s del sitio web. Mediante la presente Pol\u00edtica de Privacidad [de ahora en adelante, la Pol\u00edtica] informa a los Usuarios de <strong>finquessegarra.com<\/strong> del tratamiento y usos a los cuales se someten los datos personales que se recaudan en la Web, con el fin de que decidan, libre y voluntariamente, si desean facilitar la informaci\u00f3n solicitada. <\/p>\n\n<p><strong>Finques Segarra<\/strong> considera esencial garantizar la protecci\u00f3n de los datos personales por eso, con el fin de proteger la intimidad y privacidad de todos los interesados (titulares de los datos), ponemos de maiesto la presente Pol\u00edtica de Privacidad, comprometi\u00e9ndonos a garantizar las exigencias legales estipuladas en la legislaci\u00f3n y reglamentaci\u00f3n que sea aplicable en la materia de Protecci\u00f3n de Datos Personales.<br\/>As\u00ed pues, en cumplimiento del <strong>Reglamento (UE) 2016\/679<\/strong>, mediante el presente documento <strong>Finques Segarra<\/strong><\/p>\n\n<p><strong>informa:<\/strong><br\/><\/p>\n\n<p><strong>1-<\/strong> <strong>Titularidad de los Tratamientos<\/strong><\/p>\n\n<p><strong>Finques Segarra<\/strong> con domicilio social en: <strong>,<\/strong>es el titular de diferentes tratamientos.<br\/>En concreto, los datos recaudados a trav\u00e9s de la presente Web, se incorporan al tratamiento <strong>[USUARIOS WEB \/ NEWSLETTER]<\/strong>, a los que le ser\u00e1 aplicada la presente pol\u00edtica de Privacidad.<\/p>\n\n<p><strong>2- Recogida y Tratamiento<\/strong><\/p>\n\n<p>El tratamiento <strong>[USUARIOS WEB \/ NEWSLETTER]<\/strong>, tiene como principal caracter\u00edstica:<br\/><\/p>\n\n<p><strong> 2.1-Finalidad<\/strong><\/p>\n\n<p>La finalidad de la recogida e incorporaci\u00f3n de los datos a los citados tratamientos, consisten en:<br\/><br\/><strong>a<\/strong>. Para el tratamiento <strong>[USUARIOS WEB \/ NEWSLETTER]<\/strong>, ofrecer la informaci\u00f3n solicitada por los interesados en el formulario o cuestionario de la p\u00e1gina Web <strong>finquessegarra.com .<\/strong> <\/p>\n\n<p><strong>b<\/strong>. Resolver las cuestiones formuladas. <br\/><br\/><strong>c<\/strong>. y remitirles informaci\u00f3n sobre nuestras ofertas de productos o servicios del portal titularidad de <strong>Finques Segarra.<\/strong> <\/p>\n\n<p><strong> 2.2- Encargado del Tratamiento<\/strong><\/p>\n\n<p>En el caso de que haya terceros que accedan a este fichero y con los cuales exista obligaci\u00f3n de subscribir el contrato que prescribe <strong>(el art\u00edculo 28 RGPDUE). <\/strong><em>Se firmar\u00e1 este contrato<\/em> sobre los t\u00e9rminos que marca el citado art\u00edculo, <em>que regular\u00e1 contractualmente el uso y la confidencialidad de los datos de car\u00e1cter personal, de conformidad con lo dispuesto en la legislaci\u00f3n vigente.<\/em><\/p>\n\n<p><strong> 2.3-Base jur\u00eddica &#8211; Consentimiento<\/strong><\/p>\n\n<p>Mediante la cumplimentaci\u00f3n de los varios formularios contenido en la Web mencionada anteriormente, el interesado presta su consentimiento porque los datos de car\u00e1cter personal suministradas sean incorporados al citado tratamiento, siendo objete de tratamiento por la misma en conformidad con la presente Pol\u00edtica de Privacidad. Del mismo modo presta consentimiento porque <strong>Finques Segarra<\/strong>, env\u00ede informaci\u00f3n peri\u00f3dica e informar de nuestros servicios.<br\/>Si bien podr\u00e1 en cualquier momento oponerse a este tipo de env\u00edos, enviando un correo electr\u00f3nico a la direcci\u00f3n <strong><a href=\"mailto:info@solpronet.com\">info@finquessegarra.com<\/a> <\/strong>indicando en el asunto <strong>&#8220;BAJA DE LA LISTA DE DISTRIBUCI\u00d3N&#8221;<\/strong> <\/p>\n\n<p><strong>3-<\/strong> <strong>Medidas de Seguridad<\/strong><\/p>\n\n<p><strong>Finques Segarra<\/strong> ha adoptado los niveles de seguridad de protecci\u00f3n de los datos de car\u00e1cter personal legalmente requeridos, y ha instalado todos los medios y medidas t\u00e9cnicas a su alcance para evitar la p\u00e9rdida, mal uso, alteraci\u00f3n, acceso no autorizado y robo de los mismos<\/p>\n\n<p><strong>4-<\/strong> <strong>Derechos de Acceso, Rectificaci\u00f3n, Cancelaci\u00f3n, Oposici\u00f3n, Portabilidad y Limitaci\u00f3n<\/strong><\/p>\n\n<p>Los interesados titulares de los datos contenidos en el tratamiento <strong>[<\/strong><strong>USUARIOS WEB \/ NEWSLETTER]<\/strong> as\u00ed como los titulares de datos contenidos en cualquier de los tratamientos titularidad de <strong>Finques Segarra<\/strong>, podr\u00e1n dirigirse a la entidad, como responsable de tratamiento, con el fin de poder ejercitar sus derechos de <strong>a<\/strong>cceso, <strong>r<\/strong>ectificaci\u00f3n, <strong>c<\/strong>ancelaci\u00f3n,<strong> o<\/strong>posici\u00f3n, <strong>p<\/strong>ortabilidad, y si procede <strong>l<\/strong>imitaci\u00f3n (Derechos <strong>ARCOPL<\/strong>) respecto de los datos incorporados en el tratamiento.<\/p>\n\n<p>Estos derechos tienen car\u00e1cter \u201c<strong><em>personal\u00edsimo<\/em><\/strong>\u201d, por lo cual \u00fanicamente podr\u00e1n ser ejercitados por el propio interesado, o su representante legal, previa acreditaci\u00f3n de su identidad, o si procede, de la suficiencia de la representaci\u00f3n.<\/p>\n\n<p><br\/><strong>A<\/strong>.- El derecho de <strong>acceso<\/strong>, a ejercitar con periodicidad anual, excepto inter\u00e9s leg\u00edtimo acreditado. Al ejercitar el derecho de acceso, el interesado podr\u00e1 optar por los siguientes sistemas de consulta del fichero: <br\/><br\/>&#8211; Enviar un correo electr\u00f3nico a: <a href=\"mailto:info@solpronet.com\"><strong><\/strong><\/a><strong><a href=\"mailto:info@finquessegarra.com\">info@finquessegarra.com<\/a><\/strong> .<br\/>&#8211; Comunicaci\u00f3n por escrito dirigida a: <strong>Finques Segarra<\/strong><strong>, <\/strong><strong>domicilio<\/strong><br\/><br\/><strong>Finques Segarra<\/strong><strong>, <\/strong>proceder\u00e1 a notificar su decisi\u00f3n en el plazo de un mes. Si fuera en sentido afirmativo, el interesado podr\u00e1 acceder a la referida informaci\u00f3n en el plazo de los 10 d\u00edas siguientes a su notificaci\u00f3n. <\/p>\n\n<p><br\/><strong>B<\/strong>.- El derecho de <strong>rectificaci\u00f3n <\/strong>y <strong>cancelaci\u00f3n<\/strong> podr\u00e1n ser ejercitados, con arreglo a las siguientes previsiones, siempre que el interesado considere que los datos recogidos en nuestros tratamientos son <em>inexactos, incompletos, inadecuados o excesivos.<\/em> En este caso, podr\u00e1 ejercitarlos a trav\u00e9s de alguno de los medios anteriormente previstos.<br\/><strong>Finques Segarra<\/strong><strong>, <\/strong>proceder\u00e1 a la rectificaci\u00f3n o cancelaci\u00f3n dentro de los 10 d\u00edas siguientes al de la recepci\u00f3n de la solicitud.<\/p>\n\n<p><strong>C<\/strong>.- El derecho de <strong>portabilidad<\/strong> podr\u00e1n ser ejercitado, con arreglo a las siguientes previsiones, siempre que el interesado considere que los datos recogidos en nuestros tratamientos, tienes que ser devueltas al titular de los datos, o bien a otro tercero (Encargado de tratamiento).<br\/><br\/><strong>D<\/strong>.- El derecho de <strong>limitaci\u00f3n <\/strong>podr\u00e1n ser ejercitado, previamente el derecho de oposici\u00f3n al tratamiento de sus datos, y que mientras no se resuelva el Derecho de oposici\u00f3n, se limite el tratamiento de las mismas.<\/p>\n\n<p><strong>5-<\/strong> <strong>Cambio de Normativa<\/strong><\/p>\n\n<p><strong>Finques Segarra<\/strong><strong>, <\/strong>se reserva el derecho de modificar la presente pol\u00edtica con el objeto de adaptarla a las novedades legislativas o jurisprudenciales, as\u00ed como las que pudieran derivarse de \u201cc\u00f3digos tipo\u201d existentes en la materia. Tales cambios ser\u00e1n comunicados con la antelaci\u00f3n que sea necesaria en nuestra p\u00e1gina Web, sin perjuicio de reclamar el <strong>consentimiento<\/strong> necesario de los afectados cuando este no se considerara otorgado con arreglo a los t\u00e9rminos de la presente pol\u00edtica. <br\/><br\/>Cualquier duda, pregunta o comentarios que pudiera albergar con referencia a la presente normativa, no dude a consultarlas dirigiendo su comunicaci\u00f3n sobre este tema en:<strong><a href=\"mailto:%20info@solpronet.com\"> <\/a><a href=\"mailto:info@finquessegarra.com\">info@finquessegarra.com<\/a> .<\/strong><\/p>\n\n<p>Una vez le\u00edda toda la informaci\u00f3n facilitada, avisamos al usuario que, <strong><em>si prosigue su navegaci\u00f3n por nuestro sitio web, sin haber tomado las medidas oportunas de personalizaci\u00f3n de sus navegadores, para impedir la instalaci\u00f3n de las cookies<\/em><\/strong><em> <strong>empleadas por el mismo<\/strong><\/em>, en los t\u00e9rminos incluidos en el <strong>art\u00edculo 22.2<\/strong> de la <strong>Ley 34\/2002 de Servicios de la Sociedad de la Informaci\u00f3n y Comercio Electr\u00f3nico<\/strong>, seg\u00fan la redacci\u00f3n del mismo dada por el <strong>RD 13\/2012<\/strong> de 30 de marzo, por el cual se trasponen directivas en materia de mercados interiores de electricidad y gas y en materia de comunicaciones electr\u00f3nicas <strong><em>estar\u00e1 prestando su consentimiento<\/em><\/strong> para la utilizaci\u00f3n de los referidos mecanismos.<\/p>\n","protected":false},"excerpt":{"rendered":"<p>Pol\u00edtica de Privacidad (RGPDUE) De conformidad a lo establecido por el Reglamento (UE) 2016\/679 del Parlamento Europeo y del Consejo, de 27 de abril de 2016, relativo a la protecci\u00f3n de las personas f\u00edsicas en cuanto al tratamiento de datos personales y a la libre circulaci\u00f3n de estos datos, le informamos que los datos personales [&hellip;]<\/p>\n","protected":false},"author":1,"featured_media":0,"parent":0,"menu_order":0,"comment_status":"closed","ping_status":"closed","template":"","meta":{"_acf_changed":false,"_et_pb_use_builder":"off","_et_pb_old_content":"","_et_gb_content_width":"","_joinchat":[],"footnotes":""},"class_list":["post-1090","page","type-page","status-publish","hentry"],"acf":[],"yoast_head":"<!-- This site is optimized with the Yoast SEO plugin v26.9 - https:\/\/yoast.com\/product\/yoast-seo-wordpress\/ -->\n<title>Pol\u00edtica de privacitat - \ud83e\udd47 Inmobiliaria Vendrell - Comarruga<\/title>\n<meta name=\"description\" content=\"Consulta la pol\u00edtica de privacitat de Finques Segarra. Com protegim les teves dades i garantim la teva seguretat en navegar per la nostra web.\" \/>\n<meta name=\"robots\" content=\"index, follow, max-snippet:-1, max-image-preview:large, max-video-preview:-1\" \/>\n<link rel=\"canonical\" href=\"https:\/\/finquessegarra.com\/ca\/politica-de-privacitat\/\" \/>\n<meta property=\"og:locale\" content=\"ca_ES\" \/>\n<meta property=\"og:type\" content=\"article\" \/>\n<meta property=\"og:title\" content=\"Pol\u00edtica de privacitat - \ud83e\udd47 Inmobiliaria Vendrell - Comarruga\" \/>\n<meta property=\"og:description\" content=\"Consulta la pol\u00edtica de privacitat de Finques Segarra. Com protegim les teves dades i garantim la teva seguretat en navegar per la nostra web.\" \/>\n<meta property=\"og:url\" content=\"https:\/\/finquessegarra.com\/ca\/politica-de-privacitat\/\" \/>\n<meta property=\"og:site_name\" content=\"\ud83e\udd47 Inmobiliaria Vendrell - Comarruga\" \/>\n<meta property=\"article:modified_time\" content=\"2026-02-19T09:03:46+00:00\" \/>\n<meta name=\"twitter:card\" content=\"summary_large_image\" \/>\n<meta name=\"twitter:label1\" content=\"Temps estimat de lectura\" \/>\n\t<meta name=\"twitter:data1\" content=\"6 minuts\" \/>\n<script type=\"application\/ld+json\" class=\"yoast-schema-graph\">{\"@context\":\"https:\/\/schema.org\",\"@graph\":[{\"@type\":\"WebPage\",\"@id\":\"https:\/\/finquessegarra.com\/ca\/politica-de-privacitat\/\",\"url\":\"https:\/\/finquessegarra.com\/ca\/politica-de-privacitat\/\",\"name\":\"Pol\u00edtica de privacitat - \ud83e\udd47 Inmobiliaria Vendrell - Comarruga\",\"isPartOf\":{\"@id\":\"https:\/\/finquessegarra.com\/ca\/#website\"},\"datePublished\":\"2025-12-04T00:17:11+00:00\",\"dateModified\":\"2026-02-19T09:03:46+00:00\",\"description\":\"Consulta la pol\u00edtica de privacitat de Finques Segarra. Com protegim les teves dades i garantim la teva seguretat en navegar per la nostra web.\",\"breadcrumb\":{\"@id\":\"https:\/\/finquessegarra.com\/ca\/politica-de-privacitat\/#breadcrumb\"},\"inLanguage\":\"ca\",\"potentialAction\":[{\"@type\":\"ReadAction\",\"target\":[\"https:\/\/finquessegarra.com\/ca\/politica-de-privacitat\/\"]}]},{\"@type\":\"BreadcrumbList\",\"@id\":\"https:\/\/finquessegarra.com\/ca\/politica-de-privacitat\/#breadcrumb\",\"itemListElement\":[{\"@type\":\"ListItem\",\"position\":1,\"name\":\"Portada\",\"item\":\"https:\/\/finquessegarra.com\/ca\/\"},{\"@type\":\"ListItem\",\"position\":2,\"name\":\"Pol\u00edtica de privacitat\"}]},{\"@type\":\"WebSite\",\"@id\":\"https:\/\/finquessegarra.com\/ca\/#website\",\"url\":\"https:\/\/finquessegarra.com\/ca\/\",\"name\":\"\ud83e\udd47 Inmobiliaria Vendrell - Comarruga\",\"description\":\"\",\"potentialAction\":[{\"@type\":\"SearchAction\",\"target\":{\"@type\":\"EntryPoint\",\"urlTemplate\":\"https:\/\/finquessegarra.com\/ca\/?s={search_term_string}\"},\"query-input\":{\"@type\":\"PropertyValueSpecification\",\"valueRequired\":true,\"valueName\":\"search_term_string\"}}],\"inLanguage\":\"ca\"}]}<\/script>\n<!-- \/ Yoast SEO plugin. -->","yoast_head_json":{"title":"Pol\u00edtica de privacitat - \ud83e\udd47 Inmobiliaria Vendrell - Comarruga","description":"Consulta la pol\u00edtica de privacitat de Finques Segarra. Com protegim les teves dades i garantim la teva seguretat en navegar per la nostra web.","robots":{"index":"index","follow":"follow","max-snippet":"max-snippet:-1","max-image-preview":"max-image-preview:large","max-video-preview":"max-video-preview:-1"},"canonical":"https:\/\/finquessegarra.com\/ca\/politica-de-privacitat\/","og_locale":"ca_ES","og_type":"article","og_title":"Pol\u00edtica de privacitat - \ud83e\udd47 Inmobiliaria Vendrell - Comarruga","og_description":"Consulta la pol\u00edtica de privacitat de Finques Segarra. Com protegim les teves dades i garantim la teva seguretat en navegar per la nostra web.","og_url":"https:\/\/finquessegarra.com\/ca\/politica-de-privacitat\/","og_site_name":"\ud83e\udd47 Inmobiliaria Vendrell - Comarruga","article_modified_time":"2026-02-19T09:03:46+00:00","twitter_card":"summary_large_image","twitter_misc":{"Temps estimat de lectura":"6 minuts"},"schema":{"@context":"https:\/\/schema.org","@graph":[{"@type":"WebPage","@id":"https:\/\/finquessegarra.com\/ca\/politica-de-privacitat\/","url":"https:\/\/finquessegarra.com\/ca\/politica-de-privacitat\/","name":"Pol\u00edtica de privacitat - \ud83e\udd47 Inmobiliaria Vendrell - Comarruga","isPartOf":{"@id":"https:\/\/finquessegarra.com\/ca\/#website"},"datePublished":"2025-12-04T00:17:11+00:00","dateModified":"2026-02-19T09:03:46+00:00","description":"Consulta la pol\u00edtica de privacitat de Finques Segarra. Com protegim les teves dades i garantim la teva seguretat en navegar per la nostra web.","breadcrumb":{"@id":"https:\/\/finquessegarra.com\/ca\/politica-de-privacitat\/#breadcrumb"},"inLanguage":"ca","potentialAction":[{"@type":"ReadAction","target":["https:\/\/finquessegarra.com\/ca\/politica-de-privacitat\/"]}]},{"@type":"BreadcrumbList","@id":"https:\/\/finquessegarra.com\/ca\/politica-de-privacitat\/#breadcrumb","itemListElement":[{"@type":"ListItem","position":1,"name":"Portada","item":"https:\/\/finquessegarra.com\/ca\/"},{"@type":"ListItem","position":2,"name":"Pol\u00edtica de privacitat"}]},{"@type":"WebSite","@id":"https:\/\/finquessegarra.com\/ca\/#website","url":"https:\/\/finquessegarra.com\/ca\/","name":"\ud83e\udd47 Inmobiliaria Vendrell - Comarruga","description":"","potentialAction":[{"@type":"SearchAction","target":{"@type":"EntryPoint","urlTemplate":"https:\/\/finquessegarra.com\/ca\/?s={search_term_string}"},"query-input":{"@type":"PropertyValueSpecification","valueRequired":true,"valueName":"search_term_string"}}],"inLanguage":"ca"}]}},"_links":{"self":[{"href":"https:\/\/finquessegarra.com\/ca\/wp-json\/wp\/v2\/pages\/1090","targetHints":{"allow":["GET"]}}],"collection":[{"href":"https:\/\/finquessegarra.com\/ca\/wp-json\/wp\/v2\/pages"}],"about":[{"href":"https:\/\/finquessegarra.com\/ca\/wp-json\/wp\/v2\/types\/page"}],"author":[{"embeddable":true,"href":"https:\/\/finquessegarra.com\/ca\/wp-json\/wp\/v2\/users\/1"}],"replies":[{"embeddable":true,"href":"https:\/\/finquessegarra.com\/ca\/wp-json\/wp\/v2\/comments?post=1090"}],"version-history":[{"count":2,"href":"https:\/\/finquessegarra.com\/ca\/wp-json\/wp\/v2\/pages\/1090\/revisions"}],"predecessor-version":[{"id":1644,"href":"https:\/\/finquessegarra.com\/ca\/wp-json\/wp\/v2\/pages\/1090\/revisions\/1644"}],"wp:attachment":[{"href":"https:\/\/finquessegarra.com\/ca\/wp-json\/wp\/v2\/media?parent=1090"}],"curies":[{"name":"wp","href":"https:\/\/api.w.org\/{rel}","templated":true}]}}