{"id":960,"date":"2025-12-04T01:04:57","date_gmt":"2025-12-04T00:04:57","guid":{"rendered":"https:\/\/finquessegarra.com\/serveis\/"},"modified":"2026-02-19T10:08:10","modified_gmt":"2026-02-19T09:08:10","slug":"serveis-immobiliaris","status":"publish","type":"page","link":"https:\/\/finquessegarra.com\/ca\/serveis-immobiliaris\/","title":{"rendered":"Serveis"},"content":{"rendered":"<p>[et_pb_section fb_built=&#8221;1&#8243; inner_shadow=&#8221;on&#8221; fullwidth=&#8221;on&#8221; _builder_version=&#8221;4.27.4&#8243; _module_preset=&#8221;default&#8221; background_enable_color=&#8221;off&#8221; hover_enabled=&#8221;0&#8243; da_disable_devices=&#8221;off|off|off&#8221; global_colors_info=&#8221;{}&#8221; sticky_enabled=&#8221;0&#8243; da_is_popup=&#8221;off&#8221; da_exit_intent=&#8221;off&#8221; da_has_close=&#8221;on&#8221; da_alt_close=&#8221;off&#8221; da_dark_close=&#8221;off&#8221; da_not_modal=&#8221;on&#8221; da_is_singular=&#8221;off&#8221; da_with_loader=&#8221;off&#8221; da_has_shadow=&#8221;on&#8221;][et_pb_fullwidth_header header_fullscreen=&#8221;on&#8221; button_one_text=&#8221;T&#039;ajudem&#8221; button_one_url=&#8221;@ET-DC@eyJkeW5hbWljIjp0cnVlLCJjb250ZW50IjoicG9zdF9saW5rX3VybF9wYWdlIiwic2V0dGluZ3MiOnsicG9zdF9pZCI6IjkzIiwiZW5hYmxlX2h0bWwiOiJvZmYifX0=@&#8221; _builder_version=&#8221;4.27.4&#8243; _dynamic_attributes=&#8221;button_one_url&#8221; _module_preset=&#8221;default&#8221; title_level=&#8221;h2&#8243; title_font=&#8221;||||||||&#8221; background_color=&#8221;rgba(0,0,0,0.2)&#8221; background_image=&#8221;https:\/\/finquessegarra.com\/wp-content\/uploads\/2025\/12\/banner_servicios_finques.webp&#8221; background_blend=&#8221;multiply&#8221; background_enable_video_mp4=&#8221;off&#8221; custom_button_one=&#8221;on&#8221; button_one_text_size=&#8221;16px&#8221; button_one_bg_color=&#8221;#EF7C00&#8243; button_one_border_width=&#8221;0px&#8221; button_one_border_radius=&#8221;15px&#8221; button_one_font=&#8221;|600|||||||&#8221; button_one_custom_padding=&#8221;10px|30px|10px|30px|true|true&#8221; hover_enabled=&#8221;0&#8243; custom_css_free_form=&#8221;selector h1 {||  font-size: 2em;||}||\/*selector h2 {||  display: inline;||  font-size: 2em;||  font-weight: 400;||  color: #000000!important;||  background-color: rgba(237,237,237,0.6);||  text-shadow: 2px 2px 5px #666;||}*\/||selector h2 {||  font-weight:400;||  text-shadow: 2px 2px 5px #666;||}&#8221; title_text_shadow_style=&#8221;preset5&#8243; global_colors_info=&#8221;{}&#8221; sticky_enabled=&#8221;0&#8243;]<\/p>\n<h1>Consulta els nostres <span style=\"color: #ef7c00;\">serveis<\/span><\/h1>\n<h2>L&#8217;ag\u00e8ncia immobili\u00e0ria que canviar\u00e0<br \/>la teva opini\u00f3 sobre les ag\u00e8ncies immobili\u00e0ries<\/h2>\n<p>[\/et_pb_fullwidth_header][\/et_pb_section][et_pb_section fb_built=&#8221;1&#8243; _builder_version=&#8221;4.27.4&#8243; _module_preset=&#8221;default&#8221; da_disable_devices=&#8221;off|off|off&#8221; global_colors_info=&#8221;{}&#8221; da_is_popup=&#8221;off&#8221; da_exit_intent=&#8221;off&#8221; da_has_close=&#8221;on&#8221; da_alt_close=&#8221;off&#8221; da_dark_close=&#8221;off&#8221; da_not_modal=&#8221;on&#8221; da_is_singular=&#8221;off&#8221; da_with_loader=&#8221;off&#8221; da_has_shadow=&#8221;on&#8221;][et_pb_row _builder_version=&#8221;4.27.4&#8243; _module_preset=&#8221;default&#8221; global_colors_info=&#8221;{}&#8221;][et_pb_column type=&#8221;4_4&#8243; _builder_version=&#8221;4.27.4&#8243; _module_preset=&#8221;default&#8221; global_colors_info=&#8221;{}&#8221;][et_pb_text _builder_version=&#8221;4.27.4&#8243; _module_preset=&#8221;default&#8221; global_colors_info=&#8221;{}&#8221;]<\/p>\n<h2>Els nostres serveis<\/h2>\n<p>Vam trobar qui valori casa teva tant com tu ho vas fer<\/p>\n<p>[\/et_pb_text][\/et_pb_column][\/et_pb_row][et_pb_row column_structure=&#8221;1_3,1_3,1_3&#8243; use_custom_gutter=&#8221;on&#8221; gutter_width=&#8221;2&#8243; make_equal=&#8221;on&#8221; _builder_version=&#8221;4.27.5&#8243; _module_preset=&#8221;default&#8221; height=&#8221;566px&#8221; global_module=&#8221;620&#8243; saved_tabs=&#8221;all&#8221; global_colors_info=&#8221;{}&#8221;][et_pb_column type=&#8221;1_3&#8243; _builder_version=&#8221;4.27.5&#8243; _module_preset=&#8221;default&#8221; background_color=&#8221;rgba(0,0,0,0.2)&#8221; background_image=&#8221;https:\/\/finquessegarra.com\/wp-content\/uploads\/2025\/12\/vender_casa_banner_finques.webp&#8221; background_blend=&#8221;multiply&#8221; border_radii=&#8221;on|30px|30px|30px|30px&#8221; global_colors_info=&#8221;{}&#8221;][dsm_flipbox flipbox_height_tablet=&#8221;&#8221; flipbox_height_phone=&#8221;230px&#8221; flipbox_height_last_edited=&#8221;on|phone&#8221; _builder_version=&#8221;4.27.5&#8243; _module_preset=&#8221;default&#8221; height=&#8221;100%&#8221; hover_enabled=&#8221;0&#8243; border_radii=&#8221;on|30px|30px|30px|30px&#8221; global_colors_info=&#8221;{}&#8221; sticky_enabled=&#8221;0&#8243;][dsm_flipbox_child button_text=&#8221;Vendre&#8221; button_url=&#8221;@ET-DC@eyJkeW5hbWljIjp0cnVlLCJjb250ZW50IjoicG9zdF9saW5rX3VybF9wYWdlIiwic2V0dGluZ3MiOnsicG9zdF9pZCI6Ijc5IiwiZW5hYmxlX2h0bWwiOiJvZmYifX0=@&#8221; button_url_new_window=&#8221;1&#8243; _builder_version=&#8221;4.27.5&#8243; _dynamic_attributes=&#8221;button_url&#8221; _module_preset=&#8221;default&#8221; background_enable_image=&#8221;off&#8221; custom_button=&#8221;on&#8221; button_text_color=&#8221;#FFFFFF&#8221; button_border_width=&#8221;1px&#8221; button_border_radius=&#8221;50px&#8221; button_use_icon=&#8221;off&#8221; custom_padding=&#8221;|30px||30px|false|true&#8221; global_colors_info=&#8221;{}&#8221; parent_header_level=&#8221;h4&#8243;][\/dsm_flipbox_child][dsm_flipbox_child button_text=&#8221;Vendre&#8221; button_url=&#8221;@ET-DC@eyJkeW5hbWljIjp0cnVlLCJjb250ZW50IjoicG9zdF9saW5rX3VybF9wYWdlIiwic2V0dGluZ3MiOnsicG9zdF9pZCI6Ijc5IiwiZW5hYmxlX2h0bWwiOiJvZmYifX0=@&#8221; button_url_new_window=&#8221;1&#8243; _builder_version=&#8221;4.27.5&#8243; _dynamic_attributes=&#8221;button_url&#8221; _module_preset=&#8221;default&#8221; content_text_color=&#8221;#FFFFFF&#8221; background_enable_image=&#8221;off&#8221; custom_button=&#8221;on&#8221; button_text_color=&#8221;#FFFFFF&#8221; button_border_width=&#8221;1px&#8221; button_border_radius=&#8221;50px&#8221; button_use_icon=&#8221;off&#8221; custom_padding=&#8221;|30px||30px|false|true&#8221; global_colors_info=&#8221;{}&#8221; parent_header_level=&#8221;h4&#8243;]<\/p>\n<p>Ven la teva propietat amb confian\u00e7a i amb el suport dels nostres experts.<\/p>\n<p>[\/dsm_flipbox_child][\/dsm_flipbox][\/et_pb_column][et_pb_column type=&#8221;1_3&#8243; _builder_version=&#8221;4.27.5&#8243; _module_preset=&#8221;default&#8221; background_color=&#8221;rgba(0,0,0,0.2)&#8221; background_image=&#8221;https:\/\/finquessegarra.com\/wp-content\/uploads\/2025\/12\/dsc03622-edit.webp&#8221; background_blend=&#8221;multiply&#8221; border_radii=&#8221;on|30px|30px|30px|30px&#8221; global_colors_info=&#8221;{}&#8221;][dsm_flipbox flipbox_height_tablet=&#8221;&#8221; flipbox_height_phone=&#8221;230px&#8221; flipbox_height_last_edited=&#8221;on|phone&#8221; _builder_version=&#8221;4.27.5&#8243; _module_preset=&#8221;default&#8221; height=&#8221;100%&#8221; border_radii=&#8221;on|30px|30px|30px|30px&#8221; locked=&#8221;off&#8221; global_colors_info=&#8221;{}&#8221;][dsm_flipbox_child button_text=&#8221;Llogar tot l\u00b4any&#8221; button_url=&#8221;@ET-DC@eyJkeW5hbWljIjp0cnVlLCJjb250ZW50IjoicG9zdF9saW5rX3VybF9wYWdlIiwic2V0dGluZ3MiOnsicG9zdF9pZCI6Ijg3IiwiZW5hYmxlX2h0bWwiOiJvZmYifX0=@&#8221; button_url_new_window=&#8221;1&#8243; _builder_version=&#8221;4.27.5&#8243; _dynamic_attributes=&#8221;button_url&#8221; _module_preset=&#8221;default&#8221; background_enable_image=&#8221;off&#8221; custom_button=&#8221;on&#8221; button_text_color=&#8221;#FFFFFF&#8221; button_border_width=&#8221;1px&#8221; button_border_radius=&#8221;50px&#8221; button_use_icon=&#8221;off&#8221; custom_padding=&#8221;|30px||30px|false|true&#8221; global_colors_info=&#8221;{}&#8221; parent_header_level=&#8221;h4&#8243;][\/dsm_flipbox_child][dsm_flipbox_child button_text=&#8221;Llogar tot l\u00b4any&#8221; button_url=&#8221;@ET-DC@eyJkeW5hbWljIjp0cnVlLCJjb250ZW50IjoicG9zdF9saW5rX3VybF9wYWdlIiwic2V0dGluZ3MiOnsicG9zdF9pZCI6Ijg3IiwiZW5hYmxlX2h0bWwiOiJvZmYifX0=@&#8221; button_url_new_window=&#8221;1&#8243; _builder_version=&#8221;4.27.5&#8243; _dynamic_attributes=&#8221;button_url&#8221; _module_preset=&#8221;default&#8221; content_text_color=&#8221;#FFFFFF&#8221; background_enable_image=&#8221;off&#8221; custom_button=&#8221;on&#8221; button_text_color=&#8221;#FFFFFF&#8221; button_border_width=&#8221;1px&#8221; button_border_radius=&#8221;50px&#8221; button_use_icon=&#8221;off&#8221; custom_padding=&#8221;|30px||30px|false|true&#8221; global_colors_info=&#8221;{}&#8221; parent_header_level=&#8221;h4&#8243;]<\/p>\n<p>Llogueu el vostre habitatge tot l&#8217;any, amb les m\u00e0ximes garanties.<\/p>\n<p>[\/dsm_flipbox_child][\/dsm_flipbox][\/et_pb_column][et_pb_column type=&#8221;1_3&#8243; _builder_version=&#8221;4.27.5&#8243; _module_preset=&#8221;default&#8221; background_color=&#8221;rgba(0,0,0,0.2)&#8221; background_image=&#8221;https:\/\/finquessegarra.com\/wp-content\/uploads\/2025\/12\/banner_alquilervacacional.webp&#8221; background_blend=&#8221;multiply&#8221; border_radii=&#8221;on|30px|30px|30px|30px&#8221; global_colors_info=&#8221;{}&#8221;][dsm_flipbox flipbox_height_tablet=&#8221;&#8221; flipbox_height_phone=&#8221;230px&#8221; flipbox_height_last_edited=&#8221;on|phone&#8221; _builder_version=&#8221;4.27.5&#8243; _module_preset=&#8221;default&#8221; height=&#8221;100%&#8221; border_radii=&#8221;on|30px|30px|30px|30px&#8221; locked=&#8221;off&#8221; global_colors_info=&#8221;{}&#8221;][dsm_flipbox_child button_text=&#8221;Llogar per temporada o de vacances&#8221; button_url=&#8221;@ET-DC@eyJkeW5hbWljIjp0cnVlLCJjb250ZW50IjoicG9zdF9saW5rX3VybF9wYWdlIiwic2V0dGluZ3MiOnsicG9zdF9pZCI6Ijg5IiwiZW5hYmxlX2h0bWwiOiJvZmYifX0=@&#8221; button_url_new_window=&#8221;1&#8243; _builder_version=&#8221;4.27.5&#8243; _dynamic_attributes=&#8221;button_url&#8221; _module_preset=&#8221;default&#8221; background_enable_image=&#8221;off&#8221; custom_button=&#8221;on&#8221; button_text_size=&#8221;16px&#8221; button_text_color=&#8221;#FFFFFF&#8221; button_border_width=&#8221;1px&#8221; button_border_radius=&#8221;50px&#8221; button_use_icon=&#8221;off&#8221; custom_padding=&#8221;|30px||30px|false|true&#8221; global_colors_info=&#8221;{}&#8221; parent_header_level=&#8221;h4&#8243;][\/dsm_flipbox_child][dsm_flipbox_child button_text=&#8221;Llogui per temporada o de vacances&#8221; button_url=&#8221;@ET-DC@eyJkeW5hbWljIjp0cnVlLCJjb250ZW50IjoicG9zdF9saW5rX3VybF9wYWdlIiwic2V0dGluZ3MiOnsicG9zdF9pZCI6Ijg5IiwiZW5hYmxlX2h0bWwiOiJvZmYifX0=@&#8221; button_url_new_window=&#8221;1&#8243; _builder_version=&#8221;4.27.5&#8243; _dynamic_attributes=&#8221;button_url&#8221; _module_preset=&#8221;default&#8221; content_text_color=&#8221;#FFFFFF&#8221; background_enable_image=&#8221;off&#8221; custom_button=&#8221;on&#8221; button_text_size=&#8221;16px&#8221; button_text_color=&#8221;#FFFFFF&#8221; button_border_width=&#8221;1px&#8221; button_border_radius=&#8221;50px&#8221; button_use_icon=&#8221;off&#8221; custom_padding=&#8221;|30px||30px|false|true&#8221; global_colors_info=&#8221;{}&#8221; parent_header_level=&#8221;h4&#8243;]<\/p>\n<p>Rentabilitza el teu habitatge llogant-lo a l&#8217;estiu, sense que t&#8217;hagis de preocupar per res.<\/p>\n<p>[\/dsm_flipbox_child][\/dsm_flipbox][\/et_pb_column][\/et_pb_row][et_pb_row column_structure=&#8221;1_2,1_2&#8243; use_custom_gutter=&#8221;on&#8221; gutter_width=&#8221;1&#8243; _builder_version=&#8221;4.27.5&#8243; _module_preset=&#8221;default&#8221; custom_margin=&#8221;100px||||false|false&#8221; custom_padding=&#8221;0px||0px||true|false&#8221; hover_enabled=&#8221;0&#8243; global_colors_info=&#8221;{}&#8221; sticky_enabled=&#8221;0&#8243;][et_pb_column type=&#8221;1_2&#8243; _builder_version=&#8221;4.27.4&#8243; _module_preset=&#8221;default&#8221; global_colors_info=&#8221;{}&#8221;][et_pb_image src=&#8221;https:\/\/finquessegarra.com\/wp-content\/uploads\/2025\/12\/foto_jr_ariadna_cuadrada.webp&#8221; _builder_version=&#8221;4.27.5&#8243; _module_preset=&#8221;default&#8221; hover_enabled=&#8221;0&#8243; global_colors_info=&#8221;{}&#8221; custom_margin_last_edited=&#8221;on|phone&#8221; custom_margin_phone=&#8221;60px||||false|false&#8221; sticky_enabled=&#8221;0&#8243;][\/et_pb_image][\/et_pb_column][et_pb_column type=&#8221;1_2&#8243; _builder_version=&#8221;4.27.4&#8243; _module_preset=&#8221;default&#8221; global_colors_info=&#8221;{}&#8221;][et_pb_text _builder_version=&#8221;4.27.5&#8243; _module_preset=&#8221;default&#8221; text_line_height=&#8221;1.8em&#8221; text_orientation=&#8221;right&#8221; hover_enabled=&#8221;0&#8243; custom_css_free_form=&#8221;selector .resaltado-naranja {||  background-color: #ef7c00;||}||selector h2 {||  margin-bottom: 50px;||}&#8221; locked=&#8221;off&#8221; global_colors_info=&#8221;{}&#8221; sticky_enabled=&#8221;0&#8243; custom_margin_last_edited=&#8221;on|phone&#8221; custom_margin_phone=&#8221;40px||||false|false&#8221;]<\/p>\n<h2>Sobre nosaltres<\/h2>\n<p>A Finques Segarra portem m\u00e9s de 55 anys ajudant els nostres clients a complir els seus objectius immobiliaris.<\/p>\n<p>Des de la compra i venda de propietats fins a la <span class=\"resaltado-naranja\">gesti\u00f3 integral<\/span>, el nostre comprom\u00eds es basa en la transpar\u00e8ncia, la professionalitat i un coneixement profund del mercat local.<\/p>\n<p>[\/et_pb_text][et_pb_button button_url=&#8221;@ET-DC@eyJkeW5hbWljIjp0cnVlLCJjb250ZW50IjoicG9zdF9saW5rX3VybF9wYWdlIiwic2V0dGluZ3MiOnsicG9zdF9pZCI6IjkzIiwiZW5hYmxlX2h0bWwiOiJvZmYifX0=@&#8221; button_text=&#8221;T&apos;ajudem&#8221; button_alignment=&#8221;right&#8221; _builder_version=&#8221;4.27.5&#8243; _dynamic_attributes=&#8221;button_url&#8221; _module_preset=&#8221;default&#8221; custom_button=&#8221;on&#8221; button_text_size=&#8221;20px&#8221; button_text_color=&#8221;#EF7C00&#8243; button_border_width=&#8221;1px&#8221; button_border_color=&#8221;#EF7C00&#8243; button_border_radius=&#8221;50px&#8221; button_use_icon=&#8221;off&#8221; custom_margin=&#8221;50px||||false|false&#8221; global_colors_info=&#8221;{}&#8221; button_text_color__hover_enabled=&#8221;on|hover&#8221; button_text_color__hover=&#8221;#FFFFFF&#8221; button_bg_color__hover_enabled=&#8221;on|hover&#8221; button_bg_color__hover=&#8221;#EF7C00&#8243; button_bg_enable_color__hover=&#8221;on&#8221;][\/et_pb_button][\/et_pb_column][\/et_pb_row][\/et_pb_section]<\/p>\n","protected":false},"excerpt":{"rendered":"<p>Consulta els nostres serveis L&#8217;ag\u00e8ncia immobili\u00e0ria que canviar\u00e0la teva opini\u00f3 sobre les ag\u00e8ncies immobili\u00e0riesEls nostres serveis Vam trobar qui valori casa teva tant com tu ho vas fer<div class=\"et_pb_module dsm_flipbox dsm_flipbox_0\">\n\t\t\t\t\n\t\t\t\t\n\t\t\t\t\n\t\t\t\t\n\t\t\t\t\n\t\t\t\t\n\t\t\t\t<div class=\"et_pb_module_inner\">\n\t\t\t\t\t<div class=\"dsm-flipbox dsm-flipbox-effect-right dsm_flipbox_hover\"><\/div>\n\t\t\t\t<\/div>\n\t\t\t<\/div><div class=\"et_pb_module dsm_flipbox_child dsm_flipbox_child_0 et_pb_bg_layout_light  dsm_flipbox_icon_position_top\">\n\t\t\t\t\n\t\t\t\t\n\t\t\t\t\n\t\t\t\t\n\t\t\t\t\n\t\t\t\t\n\t\t\t\t<div class=\"et_pb_module_inner\">\n\t\t\t\t\t\n\t\t\t\n\t\t\t<div class=\"dsm_flipbox_wrapper et_pb_text_align_left\">\n\t\t\t\t\n\t\t\t\t\n\t\t\t\t\n\t\t\t\t\n\t\t\t<\/div>\n\t\t\t\t<\/div>\n\t\t\t<\/div><div class=\"et_pb_module dsm_flipbox_child dsm_flipbox_child_1 et_pb_bg_layout_light  dsm_flipbox_icon_position_top\">\n\t\t\t\t\n\t\t\t\t\n\t\t\t\t\n\t\t\t\t\n\t\t\t\t\n\t\t\t\t\n\t\t\t\t<div class=\"et_pb_module_inner\">\n\t\t\t\t\t\n\t\t\t\n\t\t\t<div class=\"dsm_flipbox_wrapper et_pb_text_align_left\">\n\t\t\t\t\n\t\t\t\t\n\t\t\t\t\n\t\t\t\t<div class=\"et_pb_button_wrapper\"><a class=\"et_pb_button\" href=\"http:\/\/&#8221;&#8221;\">&#8221;Vendre&#8221;<\/a><\/div>\n\t\t\t<\/div>\n\t\t\t\t<\/div>\n\t\t\t<\/div><\/p>\n","protected":false},"author":1,"featured_media":0,"parent":0,"menu_order":0,"comment_status":"closed","ping_status":"closed","template":"","meta":{"_acf_changed":false,"_et_pb_use_builder":"on","_et_pb_old_content":"","_et_gb_content_width":"","_joinchat":[],"footnotes":""},"class_list":["post-960","page","type-page","status-publish","hentry"],"acf":[],"yoast_head":"<!-- This site is optimized with the Yoast SEO plugin v26.9 - https:\/\/yoast.com\/product\/yoast-seo-wordpress\/ -->\n<title>Serveis - \ud83e\udd47 Inmobiliaria Vendrell - Comarruga<\/title>\n<meta name=\"description\" content=\"Els serveis immobiliaris de Finques Segarra a Tarragona: compra, venda, lloguer i gesti\u00f3 de vivendes amb assessorament professional.\" \/>\n<meta name=\"robots\" content=\"index, follow, max-snippet:-1, max-image-preview:large, max-video-preview:-1\" \/>\n<link rel=\"canonical\" href=\"https:\/\/finquessegarra.com\/ca\/serveis-immobiliaris\/\" \/>\n<meta property=\"og:locale\" content=\"ca_ES\" \/>\n<meta property=\"og:type\" content=\"article\" \/>\n<meta property=\"og:title\" content=\"Serveis - \ud83e\udd47 Inmobiliaria Vendrell - Comarruga\" \/>\n<meta property=\"og:description\" content=\"Els serveis immobiliaris de Finques Segarra a Tarragona: compra, venda, lloguer i gesti\u00f3 de vivendes amb assessorament professional.\" \/>\n<meta property=\"og:url\" content=\"https:\/\/finquessegarra.com\/ca\/serveis-immobiliaris\/\" \/>\n<meta property=\"og:site_name\" content=\"\ud83e\udd47 Inmobiliaria Vendrell - Comarruga\" \/>\n<meta property=\"article:modified_time\" content=\"2026-02-19T09:08:10+00:00\" \/>\n<meta name=\"twitter:card\" content=\"summary_large_image\" \/>\n<meta name=\"twitter:label1\" content=\"Temps estimat de lectura\" \/>\n\t<meta name=\"twitter:data1\" content=\"3 minuts\" \/>\n<script type=\"application\/ld+json\" class=\"yoast-schema-graph\">{\"@context\":\"https:\/\/schema.org\",\"@graph\":[{\"@type\":\"WebPage\",\"@id\":\"https:\/\/finquessegarra.com\/ca\/serveis-immobiliaris\/\",\"url\":\"https:\/\/finquessegarra.com\/ca\/serveis-immobiliaris\/\",\"name\":\"Serveis - \ud83e\udd47 Inmobiliaria Vendrell - Comarruga\",\"isPartOf\":{\"@id\":\"https:\/\/finquessegarra.com\/ca\/#website\"},\"datePublished\":\"2025-12-04T00:04:57+00:00\",\"dateModified\":\"2026-02-19T09:08:10+00:00\",\"description\":\"Els serveis immobiliaris de Finques Segarra a Tarragona: compra, venda, lloguer i gesti\u00f3 de vivendes amb assessorament professional.\",\"breadcrumb\":{\"@id\":\"https:\/\/finquessegarra.com\/ca\/serveis-immobiliaris\/#breadcrumb\"},\"inLanguage\":\"ca\",\"potentialAction\":[{\"@type\":\"ReadAction\",\"target\":[\"https:\/\/finquessegarra.com\/ca\/serveis-immobiliaris\/\"]}]},{\"@type\":\"BreadcrumbList\",\"@id\":\"https:\/\/finquessegarra.com\/ca\/serveis-immobiliaris\/#breadcrumb\",\"itemListElement\":[{\"@type\":\"ListItem\",\"position\":1,\"name\":\"Portada\",\"item\":\"https:\/\/finquessegarra.com\/ca\/\"},{\"@type\":\"ListItem\",\"position\":2,\"name\":\"Serveis\"}]},{\"@type\":\"WebSite\",\"@id\":\"https:\/\/finquessegarra.com\/ca\/#website\",\"url\":\"https:\/\/finquessegarra.com\/ca\/\",\"name\":\"\ud83e\udd47 Inmobiliaria Vendrell - Comarruga\",\"description\":\"\",\"potentialAction\":[{\"@type\":\"SearchAction\",\"target\":{\"@type\":\"EntryPoint\",\"urlTemplate\":\"https:\/\/finquessegarra.com\/ca\/?s={search_term_string}\"},\"query-input\":{\"@type\":\"PropertyValueSpecification\",\"valueRequired\":true,\"valueName\":\"search_term_string\"}}],\"inLanguage\":\"ca\"}]}<\/script>\n<!-- \/ Yoast SEO plugin. -->","yoast_head_json":{"title":"Serveis - \ud83e\udd47 Inmobiliaria Vendrell - Comarruga","description":"Els serveis immobiliaris de Finques Segarra a Tarragona: compra, venda, lloguer i gesti\u00f3 de vivendes amb assessorament professional.","robots":{"index":"index","follow":"follow","max-snippet":"max-snippet:-1","max-image-preview":"max-image-preview:large","max-video-preview":"max-video-preview:-1"},"canonical":"https:\/\/finquessegarra.com\/ca\/serveis-immobiliaris\/","og_locale":"ca_ES","og_type":"article","og_title":"Serveis - \ud83e\udd47 Inmobiliaria Vendrell - Comarruga","og_description":"Els serveis immobiliaris de Finques Segarra a Tarragona: compra, venda, lloguer i gesti\u00f3 de vivendes amb assessorament professional.","og_url":"https:\/\/finquessegarra.com\/ca\/serveis-immobiliaris\/","og_site_name":"\ud83e\udd47 Inmobiliaria Vendrell - Comarruga","article_modified_time":"2026-02-19T09:08:10+00:00","twitter_card":"summary_large_image","twitter_misc":{"Temps estimat de lectura":"3 minuts"},"schema":{"@context":"https:\/\/schema.org","@graph":[{"@type":"WebPage","@id":"https:\/\/finquessegarra.com\/ca\/serveis-immobiliaris\/","url":"https:\/\/finquessegarra.com\/ca\/serveis-immobiliaris\/","name":"Serveis - \ud83e\udd47 Inmobiliaria Vendrell - Comarruga","isPartOf":{"@id":"https:\/\/finquessegarra.com\/ca\/#website"},"datePublished":"2025-12-04T00:04:57+00:00","dateModified":"2026-02-19T09:08:10+00:00","description":"Els serveis immobiliaris de Finques Segarra a Tarragona: compra, venda, lloguer i gesti\u00f3 de vivendes amb assessorament professional.","breadcrumb":{"@id":"https:\/\/finquessegarra.com\/ca\/serveis-immobiliaris\/#breadcrumb"},"inLanguage":"ca","potentialAction":[{"@type":"ReadAction","target":["https:\/\/finquessegarra.com\/ca\/serveis-immobiliaris\/"]}]},{"@type":"BreadcrumbList","@id":"https:\/\/finquessegarra.com\/ca\/serveis-immobiliaris\/#breadcrumb","itemListElement":[{"@type":"ListItem","position":1,"name":"Portada","item":"https:\/\/finquessegarra.com\/ca\/"},{"@type":"ListItem","position":2,"name":"Serveis"}]},{"@type":"WebSite","@id":"https:\/\/finquessegarra.com\/ca\/#website","url":"https:\/\/finquessegarra.com\/ca\/","name":"\ud83e\udd47 Inmobiliaria Vendrell - Comarruga","description":"","potentialAction":[{"@type":"SearchAction","target":{"@type":"EntryPoint","urlTemplate":"https:\/\/finquessegarra.com\/ca\/?s={search_term_string}"},"query-input":{"@type":"PropertyValueSpecification","valueRequired":true,"valueName":"search_term_string"}}],"inLanguage":"ca"}]}},"_links":{"self":[{"href":"https:\/\/finquessegarra.com\/ca\/wp-json\/wp\/v2\/pages\/960","targetHints":{"allow":["GET"]}}],"collection":[{"href":"https:\/\/finquessegarra.com\/ca\/wp-json\/wp\/v2\/pages"}],"about":[{"href":"https:\/\/finquessegarra.com\/ca\/wp-json\/wp\/v2\/types\/page"}],"author":[{"embeddable":true,"href":"https:\/\/finquessegarra.com\/ca\/wp-json\/wp\/v2\/users\/1"}],"replies":[{"embeddable":true,"href":"https:\/\/finquessegarra.com\/ca\/wp-json\/wp\/v2\/comments?post=960"}],"version-history":[{"count":2,"href":"https:\/\/finquessegarra.com\/ca\/wp-json\/wp\/v2\/pages\/960\/revisions"}],"predecessor-version":[{"id":1649,"href":"https:\/\/finquessegarra.com\/ca\/wp-json\/wp\/v2\/pages\/960\/revisions\/1649"}],"wp:attachment":[{"href":"https:\/\/finquessegarra.com\/ca\/wp-json\/wp\/v2\/media?parent=960"}],"curies":[{"name":"wp","href":"https:\/\/api.w.org\/{rel}","templated":true}]}}