{"id":1706,"date":"2025-12-04T01:14:10","date_gmt":"2025-12-04T00:14:10","guid":{"rendered":"https:\/\/finquessegarra.com\/advice\/"},"modified":"2026-03-20T11:28:59","modified_gmt":"2026-03-20T10:28:59","slug":"advice","status":"publish","type":"page","link":"https:\/\/finquessegarra.com\/en\/advice\/","title":{"rendered":"Advice"},"content":{"rendered":"\n[et_pb_section fb_built=&#8221;1&#8243; inner_shadow=&#8221;on&#8221; fullwidth=&#8221;on&#8221; _builder_version=&#8221;4.27.4&#8243; _module_preset=&#8221;default&#8221; global_colors_info=&#8221;{}&#8221;][et_pb_fullwidth_header header_fullscreen=&#8221;on&#8221; _builder_version=&#8221;4.27.4&#8243; _module_preset=&#8221;default&#8221; title_level=&#8221;h2&#8243; title_font=&#8221;||||||||&#8221; background_color=&#8221;rgba(0,0,0,0.2)&#8221; background_image=&#8221;https:\/\/finquessegarra.com\/wp-content\/uploads\/2025\/12\/banner_consejos_finques.webp&#8221; background_blend=&#8221;multiply&#8221; background_enable_video_mp4=&#8221;off&#8221; custom_button_one=&#8221;on&#8221; button_one_text_size=&#8221;16px&#8221; button_one_bg_color=&#8221;#EF7C00&#8243; button_one_border_width=&#8221;0px&#8221; button_one_border_radius=&#8221;15px&#8221; button_one_font=&#8221;|600|||||||&#8221; button_one_custom_padding=&#8221;10px|30px|10px|30px|true|true&#8221; custom_css_free_form=&#8221;selector h1 {||  font-size: 2em;||}||\/*selector h2 {||  display: inline;||  font-size: 2em;||  font-weight: 400;||  color: #000000!important;||  background-color: rgba(237,237,237,0.6);||  text-shadow: 2px 2px 5px #666;||}*\/||selector h2 {||  font-weight:400;||  text-shadow: 2px 2px 5px #666;||}&#8221; title_text_shadow_style=&#8221;preset5&#8243; global_colors_info=&#8221;{}&#8221;]<h1>Finques Segarra <span style=\"color: #ef7c00;\">Advice<\/span><\/h1>\n<h2>A leading real estate agency in the area with over 50 years of experience.<\/h2>[\/et_pb_fullwidth_header][\/et_pb_section][et_pb_section fb_built=&#8221;1&#8243; _builder_version=&#8221;4.27.4&#8243; _module_preset=&#8221;default&#8221; global_colors_info=&#8221;{}&#8221;][et_pb_row _builder_version=&#8221;4.27.4&#8243; _module_preset=&#8221;default&#8221; global_colors_info=&#8221;{}&#8221;][et_pb_column type=&#8221;4_4&#8243; _builder_version=&#8221;4.27.4&#8243; _module_preset=&#8221;default&#8221; global_colors_info=&#8221;{}&#8221;][et_pb_text _builder_version=&#8221;4.27.4&#8243; _module_preset=&#8221;default&#8221; global_colors_info=&#8221;{}&#8221;]<h2>Listen to our advice to improve the performance of your properties<\/h2>[\/et_pb_text][et_pb_code _builder_version=&#8221;4.27.4&#8243; _module_preset=&#8221;default&#8221; hover_enabled=&#8221;0&#8243; global_colors_info=&#8221;{}&#8221; sticky_enabled=&#8221;0&#8243;]<div class=\"cpt-shortcode-grid\">        <article class=\"cpt-item\">\n            <a href=\"https:\/\/finquessegarra.com\/en\/consejos\/es-buen-momento-vender-vivienda\/\" class=\"cpt-link\">\n\n                                    <div class=\"cpt-thumb\">\n                        <img loading=\"lazy\" decoding=\"async\" width=\"576\" height=\"1024\" src=\"https:\/\/finquessegarra.com\/wp-content\/uploads\/2026\/02\/SEG-Portades-reels_000-2-576x1024.webp\" class=\"attachment-large size-large wp-post-image\" alt=\"\" \/>                    <\/div>\n                \n                <h3 class=\"cpt-title\">\u00bfEs buen momento para vender tu vivienda?<\/h3>\n\n            <\/a>\n        <\/article>\n                <article class=\"cpt-item\">\n            <a href=\"https:\/\/finquessegarra.com\/en\/consejos\/vender-vivienda-por-divorcio\/\" class=\"cpt-link\">\n\n                                    <div class=\"cpt-thumb\">\n                        <img loading=\"lazy\" decoding=\"async\" width=\"576\" height=\"1024\" src=\"https:\/\/finquessegarra.com\/wp-content\/uploads\/2026\/02\/SEG-Portades-reels_000-1-576x1024.webp\" class=\"attachment-large size-large wp-post-image\" alt=\"\" \/>                    <\/div>\n                \n                <h3 class=\"cpt-title\">C\u00f3mo vender una vivienda por divorcio sin conflictos ni complicaciones<\/h3>\n\n            <\/a>\n        <\/article>\n                <article class=\"cpt-item\">\n            <a href=\"https:\/\/finquessegarra.com\/en\/consejos\/vender-vivienda-heredada-entre-hermanos\/\" class=\"cpt-link\">\n\n                                    <div class=\"cpt-thumb\">\n                        <img loading=\"lazy\" decoding=\"async\" width=\"576\" height=\"1024\" src=\"https:\/\/finquessegarra.com\/wp-content\/uploads\/2026\/02\/SEG-Portades-reels-2_000-576x1024.webp\" class=\"attachment-large size-large wp-post-image\" alt=\"\" \/>                    <\/div>\n                \n                <h3 class=\"cpt-title\">C\u00f3mo vender una vivienda heredada entre hermanos sin conflictos ni p\u00e9rdidas econ\u00f3micas<\/h3>\n\n            <\/a>\n        <\/article>\n                <article class=\"cpt-item\">\n            <a href=\"https:\/\/finquessegarra.com\/en\/consejos\/vender-casa-comprar-o-alquilar\/\" class=\"cpt-link\">\n\n                                    <div class=\"cpt-thumb\">\n                        <img loading=\"lazy\" decoding=\"async\" width=\"576\" height=\"1024\" src=\"https:\/\/finquessegarra.com\/wp-content\/uploads\/2026\/02\/SEG-Portades-reels-1_000-576x1024.webp\" class=\"attachment-large size-large wp-post-image\" alt=\"\" \/>                    <\/div>\n                \n                <h3 class=\"cpt-title\">Vender tu casa: \u00bfcomprar otra vivienda o alquilar despu\u00e9s?<\/h3>\n\n            <\/a>\n        <\/article>\n                <article class=\"cpt-item\">\n            <a href=\"https:\/\/finquessegarra.com\/en\/consejos\/vender-o-alquilar-segunda-residencia\/\" class=\"cpt-link\">\n\n                                    <div class=\"cpt-thumb\">\n                        <img loading=\"lazy\" decoding=\"async\" width=\"576\" height=\"1024\" src=\"https:\/\/finquessegarra.com\/wp-content\/uploads\/2026\/02\/SEG-Portades-reels_000-576x1024.webp\" class=\"attachment-large size-large wp-post-image\" alt=\"\" \/>                    <\/div>\n                \n                <h3 class=\"cpt-title\">\u00bfVender o alquilar tu segunda residencia? Qu\u00e9 opci\u00f3n te conviene m\u00e1s<\/h3>\n\n            <\/a>\n        <\/article>\n                <article class=\"cpt-item\">\n            <a href=\"https:\/\/finquessegarra.com\/en\/consejos\/propietarios\/vender-piso-con-una-inmobiliaria\/\" class=\"cpt-link\">\n\n                                    <div class=\"cpt-thumb\">\n                        <img loading=\"lazy\" decoding=\"async\" width=\"576\" height=\"1024\" src=\"https:\/\/finquessegarra.com\/wp-content\/uploads\/2026\/01\/SEG-Portades-reels_000-576x1024.webp\" class=\"attachment-large size-large wp-post-image\" alt=\"\" \/>                    <\/div>\n                \n                <h3 class=\"cpt-title\">Vender tu piso con una sola inmobiliaria: por qu\u00e9 es la mejor opci\u00f3n<\/h3>\n\n            <\/a>\n        <\/article>\n                <article class=\"cpt-item\">\n            <a href=\"https:\/\/finquessegarra.com\/en\/consejos\/propietarios\/alquilar-vivienda-sin-preocupaciones\/\" class=\"cpt-link\">\n\n                                    <div class=\"cpt-thumb\">\n                        <img loading=\"lazy\" decoding=\"async\" width=\"576\" height=\"1024\" src=\"https:\/\/finquessegarra.com\/wp-content\/uploads\/2026\/01\/SEG-Portades-reels-1-576x1024.webp\" class=\"attachment-large size-large wp-post-image\" alt=\"alquilar vivienda sin preocupaciones\" \/>                    <\/div>\n                \n                <h3 class=\"cpt-title\">Alquilar vivienda sin preocupaciones<\/h3>\n\n            <\/a>\n        <\/article>\n                <article class=\"cpt-item\">\n            <a href=\"https:\/\/finquessegarra.com\/en\/consejos\/propietarios\/razones-para-confiar-exclusivamente-en-un-agente-inmobiliario\/\" class=\"cpt-link\">\n\n                                    <div class=\"cpt-thumb\">\n                        <img loading=\"lazy\" decoding=\"async\" width=\"576\" height=\"1024\" src=\"https:\/\/finquessegarra.com\/wp-content\/uploads\/2025\/12\/Miniatura_capsula_instagram_1-576x1024.webp\" class=\"attachment-large size-large wp-post-image\" alt=\"Razones para confiar exclusivamente en un agente inmobiliario\" \/>                    <\/div>\n                \n                <h3 class=\"cpt-title\">Razones para confiar exclusivamente en un agente inmobiliario<\/h3>\n\n            <\/a>\n        <\/article>\n        <\/div>[\/et_pb_code][\/et_pb_column][\/et_pb_row][\/et_pb_section]\n","protected":false},"excerpt":{"rendered":"<p>Si conf\u00edas en varios agentes inmobiliarios para vender tu vivienda, aumentar\u00e1s las probabilidades de venta. Sin embargo, eso no te garantizar\u00e1 que se vender\u00e1 por el precio m\u00e1s alto ni en las mejores condiciones para ti. Las agencias inmobiliarias competir\u00e1n entre ellas para llevarse la venta, pero no necesariamente para defender tus intereses. \u2696\ufe0fTratar\u00e1n de [&hellip;]<\/p>\n","protected":false},"author":1,"featured_media":0,"parent":0,"menu_order":0,"comment_status":"closed","ping_status":"closed","template":"","meta":{"_acf_changed":false,"_et_pb_use_builder":"on","_et_pb_old_content":"","_et_gb_content_width":"","_joinchat":[],"footnotes":""},"class_list":["post-1706","page","type-page","status-publish","hentry"],"acf":[],"yoast_head":"<!-- This site is optimized with the Yoast SEO plugin v26.9 - https:\/\/yoast.com\/product\/yoast-seo-wordpress\/ -->\n<title>Advice Finques Segarra - \ud83e\udd47 Inmobiliaria Vendrell - Comarruga<\/title>\n<meta name=\"description\" content=\"Find real estate advice in Tarragona with Finques Segarra: a practical guide to buying, selling, or renting your home securely.\" \/>\n<meta name=\"robots\" content=\"index, follow, max-snippet:-1, max-image-preview:large, max-video-preview:-1\" \/>\n<link rel=\"canonical\" href=\"https:\/\/finquessegarra.com\/en\/advice\/\" \/>\n<meta property=\"og:locale\" content=\"en_US\" \/>\n<meta property=\"og:type\" content=\"article\" \/>\n<meta property=\"og:title\" content=\"Advice Finques Segarra - \ud83e\udd47 Inmobiliaria Vendrell - Comarruga\" \/>\n<meta property=\"og:description\" content=\"Find real estate advice in Tarragona with Finques Segarra: a practical guide to buying, selling, or renting your home securely.\" \/>\n<meta property=\"og:url\" content=\"https:\/\/finquessegarra.com\/en\/advice\/\" \/>\n<meta property=\"og:site_name\" content=\"\ud83e\udd47 Inmobiliaria Vendrell - Comarruga\" \/>\n<meta property=\"article:modified_time\" content=\"2026-03-20T10:28:59+00:00\" \/>\n<meta name=\"twitter:card\" content=\"summary_large_image\" \/>\n<meta name=\"twitter:label1\" content=\"Est. reading time\" \/>\n\t<meta name=\"twitter:data1\" content=\"1 minute\" \/>\n<script type=\"application\/ld+json\" class=\"yoast-schema-graph\">{\"@context\":\"https:\/\/schema.org\",\"@graph\":[{\"@type\":\"WebPage\",\"@id\":\"https:\/\/finquessegarra.com\/en\/advice\/\",\"url\":\"https:\/\/finquessegarra.com\/en\/advice\/\",\"name\":\"Advice Finques Segarra - \ud83e\udd47 Inmobiliaria Vendrell - Comarruga\",\"isPartOf\":{\"@id\":\"https:\/\/finquessegarra.com\/en\/#website\"},\"datePublished\":\"2025-12-04T00:14:10+00:00\",\"dateModified\":\"2026-03-20T10:28:59+00:00\",\"description\":\"Find real estate advice in Tarragona with Finques Segarra: a practical guide to buying, selling, or renting your home securely.\",\"breadcrumb\":{\"@id\":\"https:\/\/finquessegarra.com\/en\/advice\/#breadcrumb\"},\"inLanguage\":\"en-US\",\"potentialAction\":[{\"@type\":\"ReadAction\",\"target\":[\"https:\/\/finquessegarra.com\/en\/advice\/\"]}]},{\"@type\":\"BreadcrumbList\",\"@id\":\"https:\/\/finquessegarra.com\/en\/advice\/#breadcrumb\",\"itemListElement\":[{\"@type\":\"ListItem\",\"position\":1,\"name\":\"Portada\",\"item\":\"https:\/\/finquessegarra.com\/en\/home\/\"},{\"@type\":\"ListItem\",\"position\":2,\"name\":\"Advice\"}]},{\"@type\":\"WebSite\",\"@id\":\"https:\/\/finquessegarra.com\/en\/#website\",\"url\":\"https:\/\/finquessegarra.com\/en\/\",\"name\":\"\ud83e\udd47 Inmobiliaria Vendrell - Comarruga\",\"description\":\"\",\"potentialAction\":[{\"@type\":\"SearchAction\",\"target\":{\"@type\":\"EntryPoint\",\"urlTemplate\":\"https:\/\/finquessegarra.com\/en\/?s={search_term_string}\"},\"query-input\":{\"@type\":\"PropertyValueSpecification\",\"valueRequired\":true,\"valueName\":\"search_term_string\"}}],\"inLanguage\":\"en-US\"}]}<\/script>\n<!-- \/ Yoast SEO plugin. -->","yoast_head_json":{"title":"Advice Finques Segarra - \ud83e\udd47 Inmobiliaria Vendrell - Comarruga","description":"Find real estate advice in Tarragona with Finques Segarra: a practical guide to buying, selling, or renting your home securely.","robots":{"index":"index","follow":"follow","max-snippet":"max-snippet:-1","max-image-preview":"max-image-preview:large","max-video-preview":"max-video-preview:-1"},"canonical":"https:\/\/finquessegarra.com\/en\/advice\/","og_locale":"en_US","og_type":"article","og_title":"Advice Finques Segarra - \ud83e\udd47 Inmobiliaria Vendrell - Comarruga","og_description":"Find real estate advice in Tarragona with Finques Segarra: a practical guide to buying, selling, or renting your home securely.","og_url":"https:\/\/finquessegarra.com\/en\/advice\/","og_site_name":"\ud83e\udd47 Inmobiliaria Vendrell - Comarruga","article_modified_time":"2026-03-20T10:28:59+00:00","twitter_card":"summary_large_image","twitter_misc":{"Est. reading time":"1 minute"},"schema":{"@context":"https:\/\/schema.org","@graph":[{"@type":"WebPage","@id":"https:\/\/finquessegarra.com\/en\/advice\/","url":"https:\/\/finquessegarra.com\/en\/advice\/","name":"Advice Finques Segarra - \ud83e\udd47 Inmobiliaria Vendrell - Comarruga","isPartOf":{"@id":"https:\/\/finquessegarra.com\/en\/#website"},"datePublished":"2025-12-04T00:14:10+00:00","dateModified":"2026-03-20T10:28:59+00:00","description":"Find real estate advice in Tarragona with Finques Segarra: a practical guide to buying, selling, or renting your home securely.","breadcrumb":{"@id":"https:\/\/finquessegarra.com\/en\/advice\/#breadcrumb"},"inLanguage":"en-US","potentialAction":[{"@type":"ReadAction","target":["https:\/\/finquessegarra.com\/en\/advice\/"]}]},{"@type":"BreadcrumbList","@id":"https:\/\/finquessegarra.com\/en\/advice\/#breadcrumb","itemListElement":[{"@type":"ListItem","position":1,"name":"Portada","item":"https:\/\/finquessegarra.com\/en\/home\/"},{"@type":"ListItem","position":2,"name":"Advice"}]},{"@type":"WebSite","@id":"https:\/\/finquessegarra.com\/en\/#website","url":"https:\/\/finquessegarra.com\/en\/","name":"\ud83e\udd47 Inmobiliaria Vendrell - Comarruga","description":"","potentialAction":[{"@type":"SearchAction","target":{"@type":"EntryPoint","urlTemplate":"https:\/\/finquessegarra.com\/en\/?s={search_term_string}"},"query-input":{"@type":"PropertyValueSpecification","valueRequired":true,"valueName":"search_term_string"}}],"inLanguage":"en-US"}]}},"_links":{"self":[{"href":"https:\/\/finquessegarra.com\/en\/wp-json\/wp\/v2\/pages\/1706","targetHints":{"allow":["GET"]}}],"collection":[{"href":"https:\/\/finquessegarra.com\/en\/wp-json\/wp\/v2\/pages"}],"about":[{"href":"https:\/\/finquessegarra.com\/en\/wp-json\/wp\/v2\/types\/page"}],"author":[{"embeddable":true,"href":"https:\/\/finquessegarra.com\/en\/wp-json\/wp\/v2\/users\/1"}],"replies":[{"embeddable":true,"href":"https:\/\/finquessegarra.com\/en\/wp-json\/wp\/v2\/comments?post=1706"}],"version-history":[{"count":1,"href":"https:\/\/finquessegarra.com\/en\/wp-json\/wp\/v2\/pages\/1706\/revisions"}],"predecessor-version":[{"id":1707,"href":"https:\/\/finquessegarra.com\/en\/wp-json\/wp\/v2\/pages\/1706\/revisions\/1707"}],"wp:attachment":[{"href":"https:\/\/finquessegarra.com\/en\/wp-json\/wp\/v2\/media?parent=1706"}],"curies":[{"name":"wp","href":"https:\/\/api.w.org\/{rel}","templated":true}]}}